{"id":1652,"date":"2023-08-09T10:50:25","date_gmt":"2023-08-09T10:50:25","guid":{"rendered":"https:\/\/mrassessors.com\/?page_id=1652"},"modified":"2023-08-09T14:25:46","modified_gmt":"2023-08-09T14:25:46","slug":"politica-cookies","status":"publish","type":"page","link":"https:\/\/mrassessors.com\/ca\/politica-cookies\/","title":{"rendered":"Pol\u00edtica de Cookies"},"content":{"rendered":"<div class=\"fusion-fullwidth fullwidth-box fusion-builder-row-1 fusion-flex-container nonhundred-percent-fullwidth non-hundred-percent-height-scrolling\" style=\"--awb-border-radius-top-left:0px;--awb-border-radius-top-right:0px;--awb-border-radius-bottom-right:0px;--awb-border-radius-bottom-left:0px;--awb-flex-wrap:wrap;\" ><div class=\"fusion-builder-row fusion-row fusion-flex-align-items-flex-start fusion-flex-content-wrap\" style=\"max-width:1216.8px;margin-left: calc(-4% \/ 2 );margin-right: calc(-4% \/ 2 );\"><div class=\"fusion-layout-column fusion_builder_column fusion-builder-column-0 fusion_builder_column_1_1 1_1 fusion-flex-column\" style=\"--awb-bg-blend:overlay;--awb-bg-size:cover;--awb-width-large:100%;--awb-margin-top-large:0px;--awb-spacing-right-large:1.92%;--awb-margin-bottom-large:0px;--awb-spacing-left-large:1.92%;--awb-width-medium:100%;--awb-spacing-right-medium:1.92%;--awb-spacing-left-medium:1.92%;--awb-width-small:100%;--awb-spacing-right-small:1.92%;--awb-spacing-left-small:1.92%;\"><div class=\"fusion-column-wrapper fusion-flex-justify-content-flex-start fusion-content-layout-column\"><div class=\"fusion-title title fusion-title-1 fusion-title-text fusion-title-size-one\"><div class=\"title-sep-container title-sep-container-left fusion-no-large-visibility fusion-no-medium-visibility fusion-no-small-visibility\"><div class=\"title-sep sep- sep-solid\" style=\"border-color:var(--awb-color3);\"><\/div><\/div><span class=\"awb-title-spacer fusion-no-large-visibility fusion-no-medium-visibility fusion-no-small-visibility\"><\/span><h1 class=\"fusion-title-heading title-heading-left\" style=\"margin:0;text-transform:uppercase;\"><h2>Pol\u00edtica de Cookies<\/h2><\/h1><span class=\"awb-title-spacer\"><\/span><div class=\"title-sep-container title-sep-container-right\"><div class=\"title-sep sep- sep-solid\" style=\"border-color:var(--awb-color3);\"><\/div><\/div><\/div><div class=\"fusion-text fusion-text-1\"><p><span style=\"color: var(--awb-text-color); font-family: var(--awb-text-font-family); font-size: var(--awb-font-size); font-style: var(--awb-text-font-style); font-weight: var(--awb-text-font-weight); letter-spacing: var(--awb-letter-spacing); text-align: var(--awb-content-alignment); text-transform: var(--awb-text-transform); background-color: var(--awb-bg-color-hover);\">Actualitzada: 09\/08\/2023<\/span><\/p>\n<p><span style=\"color: var(--awb-text-color); font-family: var(--awb-text-font-family); font-size: var(--awb-font-size); font-style: var(--awb-text-font-style); font-weight: var(--awb-text-font-weight); letter-spacing: var(--awb-letter-spacing); text-align: var(--awb-content-alignment); text-transform: var(--awb-text-transform); background-color: var(--awb-bg-color-hover);\">El lloc web https:\/\/www.mrassessors.com \u00e9s responsabilitat de <\/span>MR ASSESSORAMENT I GESTIO SL<span style=\"color: var(--awb-text-color); font-family: var(--awb-text-font-family); font-size: var(--awb-font-size); font-style: var(--awb-text-font-style); font-weight: var(--awb-text-font-weight); letter-spacing: var(--awb-letter-spacing); text-align: var(--awb-content-alignment); text-transform: var(--awb-text-transform); background-color: var(--awb-bg-color-hover);\">, (en adelante MR ASSESSORS), amb domicili social a <\/span><span style=\"color: var(--awb-text-color); font-family: var(--awb-text-font-family); font-size: var(--awb-font-size); font-style: var(--awb-text-font-style); font-weight: var(--awb-text-font-weight); letter-spacing: var(--awb-letter-spacing); text-align: var(--awb-content-alignment); text-transform: var(--awb-text-transform); background-color: var(--awb-bg-color-hover);\">Pla\u00e7a de Tetuan, 2, <\/span><span style=\"color: var(--awb-text-color); font-family: var(--awb-text-font-family); font-size: var(--awb-font-size); font-style: var(--awb-text-font-style); font-weight: var(--awb-text-font-weight); letter-spacing: var(--awb-letter-spacing); text-align: var(--awb-content-alignment); text-transform: var(--awb-text-transform); background-color: var(--awb-bg-color-hover);\">Sant Feliu de Gu\u00edxols (17220), Girona, Espa\u00f1a <\/span><span style=\"background-color: var(--awb-bg-color-hover); color: var(--awb-text-color); font-family: var(--awb-text-font-family); font-size: var(--awb-font-size); font-style: var(--awb-text-font-style); font-weight: var(--awb-text-font-weight); letter-spacing: var(--awb-letter-spacing); text-align: var(--awb-content-alignment); text-transform: var(--awb-text-transform);\">amb CIF n\u00ba <\/span>B17814211<span style=\"background-color: var(--awb-bg-color-hover); color: var(--awb-text-color); font-family: var(--awb-text-font-family); font-size: var(--awb-font-size); font-style: var(--awb-text-font-style); font-weight: var(--awb-text-font-weight); letter-spacing: var(--awb-letter-spacing); text-align: var(--awb-content-alignment); text-transform: var(--awb-text-transform);\"> i adre\u00e7a de correu electr\u00f2nic <\/span><span style=\"color: var(--awb-text-color); font-family: var(--awb-text-font-family); font-size: var(--awb-font-size); font-style: var(--awb-text-font-style); font-weight: var(--awb-text-font-weight); letter-spacing: var(--awb-letter-spacing); text-align: var(--awb-content-alignment); text-transform: var(--awb-text-transform); background-color: var(--awb-bg-color-hover);\">info@mrassessors.com.<\/span><\/p>\n<p>Conseq\u00fcentment, la utilitzaci\u00f3 de cookies se li aplica la present \u201cPol\u00edtica d\u2019\u00das de Cookies\u201d que ha estat elaborada per tal que l\u2019usuari quedi informat dels diferents usos que es duen a terme en aquests dispositius i, pugui consentir el seu tractament de manera informada, de conformitat amb el que preveu la legislaci\u00f3 vigent.<\/p>\n<p><b>Qu\u00e8 \u00e9s una cookie?<\/b><\/p>\n<p>Una cookie \u00e9s un fitxer que es descarrega al seu ordinador en accedir l\u2019Usuari a determinades p\u00e0gines web. Les cookies permeten a una p\u00e0gina web, entre altres coses, emmagatzemar i recuperar informaci\u00f3 sobre els h\u00e0bits de navegaci\u00f3 d\u2019un usuari o del seu equip i, depenent de la informaci\u00f3 que continguin i de la forma en qu\u00e8 utilitzi el seu equip, es poden utilitzar per recon\u00e8ixer a l\u2019usuari.<\/p>\n<p><b>Quins tipus de cookies hi ha?<\/b><\/p>\n<p>Hi ha diversos tipus de cookies en funci\u00f3 de diferents criteris:<\/p>\n<p>En funci\u00f3 del temps que romanen activades:<\/p>\n<ul>\n<li>Cookies de sessi\u00f3. S\u00f3n un tipus de cookies dissenyades per demanar i emmagatzemar dades mentre l\u2019usuari accedeix a una p\u00e0gina web.<\/li>\n<li>Cookies permanents: S\u00f3n un tipus de cookies en el qual les dades segueixen emmagatzemats en el terminal i poden ser accedits i tractats durant un per\u00edode definit pel responsable de la galeta.<\/li>\n<\/ul>\n<p>En funci\u00f3 de la titularitat:<\/p>\n<ul>\n<li>Cookies pr\u00f2pies. S\u00f3n les que pertanyen a MR ASSESSORS<\/li>\n<li>Cookies de tercers. S\u00f3n aquelles la titularitat \u00e9s d\u2019un tercer, diferent de MR ASSESSORS, que ser\u00e0 qui tracti la informaci\u00f3 recollida.<\/li>\n<\/ul>\n<p>En funci\u00f3 de la seva finalitat:<\/p>\n<ul>\n<li>Cookies t\u00e8cniques i\/o de personalitzaci\u00f3. S\u00f3n aquelles que serveixen per millorar el servei, localitzar incid\u00e8ncies, recon\u00e8ixer a l\u2019usuari, etc.<\/li>\n<li>Cookies d\u2019an\u00e0lisi i\/o de publicitat. S\u00f3n aquelles que serveixen per analitzar informaci\u00f3 sobre la navegaci\u00f3 i oferir publicitat, sigui gen\u00e8rica o personalitzada.<\/li>\n<\/ul>\n<p><b>\u00a0<\/b><\/p>\n<p><b>Quins tipus de cookies s\u00f3n m\u00e9s habituals?<\/b><\/p>\n<p>T\u00c8CNIQUES: S\u00f3n cookies PR\u00d2PIES, de sessi\u00f3, d\u2019identificaci\u00f3, de configuraci\u00f3 i de registre, estrictament necess\u00e0ries per a la identificaci\u00f3 de l\u2019usuari i per a la prestaci\u00f3 dels serveis sol\u00b7licitats per l\u2019usuari. La informaci\u00f3 obtinguda a trav\u00e9s de les mateixes \u00e9s tractada \u00fanicament per MR ASSESSORS.<\/p>\n<p>D\u2019AN\u00c0LISI: S\u00f3n aquelles que, ben tractades per nosaltres o per tercers, ens permeten quantificar el nombre d\u2019usuaris i aix\u00ed realitzar el mesurament i an\u00e0lisi estad\u00edstica de la utilitzaci\u00f3 que fan els usuaris del servei ofert. Per aix\u00f2 s\u2019analitza la seva navegaci\u00f3 a la nostra p\u00e0gina web per tal de millorar l\u2019oferta de productes o serveis que li oferim.<\/p>\n<p>DE PUBLICITAT: S\u00f3n aquelles que, ben tractades per nosaltres o per tercers, permeten la gesti\u00f3, de la forma m\u00e9s efica\u00e7 possible, dels espais publicitaris que es poguessin incloure a la nostra p\u00e0gina web i\/o emmagatzemen informaci\u00f3 del comportament dels usuaris obtinguda a trav\u00e9s de l\u2019observaci\u00f3 continuada. Gr\u00e0cies a elles, podem con\u00e8ixer els h\u00e0bits de navegaci\u00f3 a internet i mostrar-li publicitat relacionada amb el seu perfil de navegaci\u00f3.<\/p>\n<p><b>\u00a0<\/b><\/p>\n<p><b>Per qu\u00e8 serveix una cookie?<\/b><\/p>\n<p>Les cookies s\u2019utilitzen per poder oferir-serveis i\/o publicitat personalitzats, per analitzar el funcionament del sistema, recon\u00e8ixer quan accedeix com a usuari, localitzar incid\u00e8ncies i problemes que puguin sorgir i solucionar en el menor termini possible, aix\u00ed com analitzar i mesurar l\u2019\u00fas i activitat de la p\u00e0gina web.<\/p>\n<p><b>Es necessita el meu consentiment per implantar una cookie?<\/b><\/p>\n<p>No cal el consentiment per a la instal\u00b7laci\u00f3 de cookies t\u00e8cniques o les que siguin estrictament necess\u00e0ries per a la prestaci\u00f3 d\u2019un servei de la societat de la informaci\u00f3 expressament sol\u00b7licitat pel destinatari.<\/p>\n<p>Per a la resta, s\u00ed que es necessita el consentiment de l\u2019interessat que es pot sol\u00b7licitar per diferents vies. En el cas de MR ASSESSORS, s\u2019entendr\u00e0 atorgat si Vost\u00e8 segueix utilitzant la p\u00e0gina web, sense perjudici que en qualsevol moment podr\u00e0 revocar-i desactivar les cookies.<\/p>\n<p><b>Quins tipus de cookies utilitza aquesta p\u00e0gina web?<\/b><\/p>\n<p>Cookies t\u00e8cniques: S\u00f3n aquelles creades i gestionades \u00fanicament per nosaltres, i permeten a l\u2019usuari la navegaci\u00f3 a trav\u00e9s de la nostra p\u00e0gina web i la utilitzaci\u00f3 de les diferents opcions com, per exemple, identificar la sessi\u00f3, personalitzar informaci\u00f3 o accedir a zones d\u2019acc\u00e9s restringit.<\/p>\n<p>El lloc web de MR ASSESSORS, utilitza Google Analytics, una eina d\u2019anal\u00edtica web desenvolupada per Google, que ajuda els propietaris de llocs web a mesurar com interactuen els usuaris amb el contingut del lloc. Per la prestaci\u00f3 de aquests serveis, Google Analytics utilitzen cookies que recopilen la informaci\u00f3, inclosa l\u2019adre\u00e7a IP del usuari que ser\u00e0 transmesa, tractada i emmagatzemada per Google en els termes fixats a la web Google.com.<\/p>\n<p>Per a m\u00e9s informaci\u00f3 veure:<\/p>\n<p><a href=\"https:\/\/developers.google.com\/analytics\/devguides\/collection\/analyticsjs\/cookie-usage\">https:\/\/developers.google.com\/analytics\/devguides\/collection\/analyticsjs\/cookie-usage<\/a><\/p>\n<p>El domini web <a href=\"https:\/\/www.mrassessors.com\">https:\/\/www.mrassessors.com<\/a> utilitzen els seg\u00fcents tipus de cookies:<\/p>\n<\/div>\n<div class=\"table-1\">\n<table width=\"100%\">\n<thead>\n<tr>\n<th align=\"left\">Nom de la cookie<\/th>\n<th align=\"left\">Finalitat<\/th>\n<th align=\"left\">Expira<\/th>\n<\/tr>\n<\/thead>\n<tbody>\n<tr>\n<td align=\"left\">CookieConsent<\/td>\n<td align=\"left\">Funci\u00f3 d\u2019acceptaci\u00f3 de cookies en els llocs web<\/td>\n<td align=\"left\">Permanent<\/td>\n<\/tr>\n<tr>\n<td align=\"left\">Wp-wpml-current-language<\/td>\n<td align=\"left\">Cookie del Plugin WPML per emmagatzemar la configuraci\u00f3 dels llenguatges<\/td>\n<td align=\"left\">1 dia<\/td>\n<\/tr>\n<\/tbody>\n<\/table>\n<\/div>\n<div class=\"fusion-text fusion-text-2\"><p><b>Com desactivar cookies?<\/b><\/p>\n<p>Pot permetre, bloquejar o eliminar les cookies instal\u00b7lades en el seu equip mitjan\u00e7ant la configuraci\u00f3 de les opcions del navegador en el vostre ordinador.<\/p>\n<ul>\n<li><span style=\"color: var(--awb-color7);\">Firefox : <\/span><a style=\"color: var(--awb-color6);\" href=\"https:\/\/support.mozilla.org\/es\/kb\/habilitar-y-deshabilitar-cookies-sitios-web-rastrear-preferencias?redirectlocale=es&amp;redirectslug=habilitar-y-deshabilitar-cookies-que-los-sitios-we\">https:\/\/support.mozilla.org\/es\/kb\/habilitar-y-deshabilitar-cookies-sitios-web-rastrear-preferencias?redirectlocale=es&amp;redirectslug=habilitar-y-deshabilitar-cookies-que-los-sitios-we<\/a><\/li>\n<li><span style=\"color: var(--awb-color7);\">Chrome: <\/span><a style=\"color: var(--awb-color6);\" href=\"https:\/\/support.google.com\/chrome\/answer\/95647?hl=es\">https:\/\/support.google.com\/chrome\/answer\/95647?hl=es<\/a><\/li>\n<li><span style=\"color: var(--awb-color7);\">Internet Explorer: <\/span><span style=\"color: #666666;\"><a style=\"color: var(--awb-color6);\" href=\"https:\/\/support.microsoft.com\/es-es\/products\/windows?os=windows-10\">https:\/\/support.microsoft.com\/es-es\/products\/windows?os=windows-10<\/a><\/span><\/li>\n<li><span style=\"color: var(--awb-color7);\">Safari: <\/span><a style=\"color: var(--awb-color6);\" href=\"https:\/\/support.apple.com\/kb\/ph5042?locale=es_ES\">https:\/\/support.apple.com\/kb\/ph5042?locale=es_ES<\/a><\/li>\n<li><span style=\"color: var(--awb-color7);\">Safari para iOS: <\/span><a style=\"color: var(--awb-color6);\" href=\"https:\/\/support.apple.com\/es-es\/HT201265\">https:\/\/support.apple.com\/es-es\/HT201265<\/a><\/li>\n<li><span style=\"color: var(--awb-color7);\">Opera: <span style=\"color: var(--awb-color6);\">http:\/\/help.opera.com\/Windows\/11.50\/es-ES\/cookies.html<\/span><\/span><\/li>\n<\/ul>\n<p>Exercici de drets<\/p>\n<p>Pot con\u00e8ixer i exercir els seus drets en mat\u00e8ria de protecci\u00f3 de dades accedint a la nostra pol\u00edtica de privacitat https:\/\/www.irolia.com\/pol\u00edtica-privacitat.<\/p>\n<p>Informaci\u00f3 addicional<\/p>\n<p>Podeu consultar m\u00e9s informaci\u00f3 a la guia sobre l\u2019\u00fas de les cookies editada per l\u2019AGPD a: h<a href=\"ttps:\/\/www.aepd.es\/sites\/default\/files\/2020-07\/guia-cookies.pdf\">ttps:\/\/www.aepd.es\/sites\/default\/files\/2020-07\/guia-cookies.pdf<\/a><\/p>\n<\/div><\/div><\/div><\/div><\/div>\n","protected":false},"excerpt":{"rendered":"","protected":false},"author":2,"featured_media":0,"parent":0,"menu_order":0,"comment_status":"closed","ping_status":"closed","template":"","meta":{"footnotes":""},"class_list":["post-1652","page","type-page","status-publish","hentry"],"yoast_head":"<!-- This site is optimized with the Yoast SEO plugin v23.7 - https:\/\/yoast.com\/wordpress\/plugins\/seo\/ -->\n<title>Pol\u00edtica de Cookies - MR Assessors<\/title>\n<meta name=\"robots\" content=\"index, follow, max-snippet:-1, max-image-preview:large, max-video-preview:-1\" \/>\n<link rel=\"canonical\" href=\"https:\/\/mrassessors.com\/ca\/politica-cookies\/\" \/>\n<meta property=\"og:locale\" content=\"ca_ES\" \/>\n<meta property=\"og:type\" content=\"article\" \/>\n<meta property=\"og:title\" content=\"Pol\u00edtica de Cookies - MR Assessors\" \/>\n<meta property=\"og:url\" content=\"https:\/\/mrassessors.com\/ca\/politica-cookies\/\" \/>\n<meta property=\"og:site_name\" content=\"MR Assessors\" \/>\n<meta property=\"article:modified_time\" content=\"2023-08-09T14:25:46+00:00\" \/>\n<meta name=\"twitter:card\" content=\"summary_large_image\" \/>\n<meta name=\"twitter:label1\" content=\"Temps estimat de lectura\" \/>\n\t<meta name=\"twitter:data1\" content=\"6 minuts\" \/>\n<script type=\"application\/ld+json\" class=\"yoast-schema-graph\">{\"@context\":\"https:\/\/schema.org\",\"@graph\":[{\"@type\":\"WebPage\",\"@id\":\"https:\/\/mrassessors.com\/ca\/politica-cookies\/\",\"url\":\"https:\/\/mrassessors.com\/ca\/politica-cookies\/\",\"name\":\"Pol\u00edtica de Cookies - MR Assessors\",\"isPartOf\":{\"@id\":\"https:\/\/mrassessors.com\/ca\/#website\"},\"datePublished\":\"2023-08-09T10:50:25+00:00\",\"dateModified\":\"2023-08-09T14:25:46+00:00\",\"breadcrumb\":{\"@id\":\"https:\/\/mrassessors.com\/ca\/politica-cookies\/#breadcrumb\"},\"inLanguage\":\"ca\",\"potentialAction\":[{\"@type\":\"ReadAction\",\"target\":[\"https:\/\/mrassessors.com\/ca\/politica-cookies\/\"]}]},{\"@type\":\"BreadcrumbList\",\"@id\":\"https:\/\/mrassessors.com\/ca\/politica-cookies\/#breadcrumb\",\"itemListElement\":[{\"@type\":\"ListItem\",\"position\":1,\"name\":\"Portada\",\"item\":\"https:\/\/mrassessors.com\/ca\/\"},{\"@type\":\"ListItem\",\"position\":2,\"name\":\"Pol\u00edtica de Cookies\"}]},{\"@type\":\"WebSite\",\"@id\":\"https:\/\/mrassessors.com\/ca\/#website\",\"url\":\"https:\/\/mrassessors.com\/ca\/\",\"name\":\"MR Assessors\",\"description\":\"Gestoria Sant Feliu de Gu\u00edxols\",\"potentialAction\":[{\"@type\":\"SearchAction\",\"target\":{\"@type\":\"EntryPoint\",\"urlTemplate\":\"https:\/\/mrassessors.com\/ca\/?s={search_term_string}\"},\"query-input\":{\"@type\":\"PropertyValueSpecification\",\"valueRequired\":true,\"valueName\":\"search_term_string\"}}],\"inLanguage\":\"ca\"}]}<\/script>\n<!-- \/ Yoast SEO plugin. -->","yoast_head_json":{"title":"Pol\u00edtica de Cookies - MR Assessors","robots":{"index":"index","follow":"follow","max-snippet":"max-snippet:-1","max-image-preview":"max-image-preview:large","max-video-preview":"max-video-preview:-1"},"canonical":"https:\/\/mrassessors.com\/ca\/politica-cookies\/","og_locale":"ca_ES","og_type":"article","og_title":"Pol\u00edtica de Cookies - MR Assessors","og_url":"https:\/\/mrassessors.com\/ca\/politica-cookies\/","og_site_name":"MR Assessors","article_modified_time":"2023-08-09T14:25:46+00:00","twitter_card":"summary_large_image","twitter_misc":{"Temps estimat de lectura":"6 minuts"},"schema":{"@context":"https:\/\/schema.org","@graph":[{"@type":"WebPage","@id":"https:\/\/mrassessors.com\/ca\/politica-cookies\/","url":"https:\/\/mrassessors.com\/ca\/politica-cookies\/","name":"Pol\u00edtica de Cookies - MR Assessors","isPartOf":{"@id":"https:\/\/mrassessors.com\/ca\/#website"},"datePublished":"2023-08-09T10:50:25+00:00","dateModified":"2023-08-09T14:25:46+00:00","breadcrumb":{"@id":"https:\/\/mrassessors.com\/ca\/politica-cookies\/#breadcrumb"},"inLanguage":"ca","potentialAction":[{"@type":"ReadAction","target":["https:\/\/mrassessors.com\/ca\/politica-cookies\/"]}]},{"@type":"BreadcrumbList","@id":"https:\/\/mrassessors.com\/ca\/politica-cookies\/#breadcrumb","itemListElement":[{"@type":"ListItem","position":1,"name":"Portada","item":"https:\/\/mrassessors.com\/ca\/"},{"@type":"ListItem","position":2,"name":"Pol\u00edtica de Cookies"}]},{"@type":"WebSite","@id":"https:\/\/mrassessors.com\/ca\/#website","url":"https:\/\/mrassessors.com\/ca\/","name":"MR Assessors","description":"Gestoria Sant Feliu de Gu\u00edxols","potentialAction":[{"@type":"SearchAction","target":{"@type":"EntryPoint","urlTemplate":"https:\/\/mrassessors.com\/ca\/?s={search_term_string}"},"query-input":{"@type":"PropertyValueSpecification","valueRequired":true,"valueName":"search_term_string"}}],"inLanguage":"ca"}]}},"_links":{"self":[{"href":"https:\/\/mrassessors.com\/ca\/wp-json\/wp\/v2\/pages\/1652"}],"collection":[{"href":"https:\/\/mrassessors.com\/ca\/wp-json\/wp\/v2\/pages"}],"about":[{"href":"https:\/\/mrassessors.com\/ca\/wp-json\/wp\/v2\/types\/page"}],"author":[{"embeddable":true,"href":"https:\/\/mrassessors.com\/ca\/wp-json\/wp\/v2\/users\/2"}],"replies":[{"embeddable":true,"href":"https:\/\/mrassessors.com\/ca\/wp-json\/wp\/v2\/comments?post=1652"}],"version-history":[{"count":5,"href":"https:\/\/mrassessors.com\/ca\/wp-json\/wp\/v2\/pages\/1652\/revisions"}],"predecessor-version":[{"id":1722,"href":"https:\/\/mrassessors.com\/ca\/wp-json\/wp\/v2\/pages\/1652\/revisions\/1722"}],"wp:attachment":[{"href":"https:\/\/mrassessors.com\/ca\/wp-json\/wp\/v2\/media?parent=1652"}],"curies":[{"name":"wp","href":"https:\/\/api.w.org\/{rel}","templated":true}]}}