{"id":3,"date":"2023-05-10T10:23:16","date_gmt":"2023-05-10T10:23:16","guid":{"rendered":"https:\/\/mrassessors.com\/?page_id=3"},"modified":"2023-08-16T10:57:29","modified_gmt":"2023-08-16T10:57:29","slug":"avis-legal","status":"publish","type":"page","link":"https:\/\/mrassessors.com\/ca\/avis-legal\/","title":{"rendered":"Av\u00eds Legal"},"content":{"rendered":"<div class=\"fusion-fullwidth fullwidth-box fusion-builder-row-1 fusion-flex-container nonhundred-percent-fullwidth non-hundred-percent-height-scrolling\" style=\"--awb-border-radius-top-left:0px;--awb-border-radius-top-right:0px;--awb-border-radius-bottom-right:0px;--awb-border-radius-bottom-left:0px;--awb-flex-wrap:wrap;\" ><div class=\"fusion-builder-row fusion-row fusion-flex-align-items-flex-start fusion-flex-content-wrap\" style=\"max-width:1216.8px;margin-left: calc(-4% \/ 2 );margin-right: calc(-4% \/ 2 );\"><div class=\"fusion-layout-column fusion_builder_column fusion-builder-column-0 fusion_builder_column_1_1 1_1 fusion-flex-column\" style=\"--awb-bg-blend:overlay;--awb-bg-size:cover;--awb-width-large:100%;--awb-margin-top-large:0px;--awb-spacing-right-large:1.92%;--awb-margin-bottom-large:0px;--awb-spacing-left-large:1.92%;--awb-width-medium:100%;--awb-spacing-right-medium:1.92%;--awb-spacing-left-medium:1.92%;--awb-width-small:100%;--awb-spacing-right-small:1.92%;--awb-spacing-left-small:1.92%;\"><div class=\"fusion-column-wrapper fusion-flex-justify-content-flex-start fusion-content-layout-column\"><div class=\"fusion-title title fusion-title-1 fusion-title-text fusion-title-size-one\"><div class=\"title-sep-container title-sep-container-left fusion-no-large-visibility fusion-no-medium-visibility fusion-no-small-visibility\"><div class=\"title-sep sep- sep-solid\" style=\"border-color:var(--awb-color3);\"><\/div><\/div><span class=\"awb-title-spacer fusion-no-large-visibility fusion-no-medium-visibility fusion-no-small-visibility\"><\/span><h1 class=\"fusion-title-heading title-heading-left\" style=\"margin:0;text-transform:uppercase;\"><h2>Av\u00eds Legal<\/h2><\/h1><span class=\"awb-title-spacer\"><\/span><div class=\"title-sep-container title-sep-container-right\"><div class=\"title-sep sep- sep-solid\" style=\"border-color:var(--awb-color3);\"><\/div><\/div><\/div><div class=\"fusion-text fusion-text-1\"><p>Actualitzat el 09\/08\/2023<\/p>\n<p>En compliment amb el deure d\u2019informaci\u00f3 recollit a l\u2019article 10 de la Llei 34\/2002, d\u201911 de Juliol, de Serveis de la Informaci\u00f3 i del Comer\u00e7 Electr\u00f2nic, l\u2019informem que el lloc web i els portals d\u2019Internet https:\/\/www.mrassessors.com. (en endavant, el lloc \u201cWeb\u201d) \u00e9s titularitat de MR ASSESSORAMENT I GESTIO SL (en endavant MR ASSESSORS), amb domicili social a Carrer<span style=\"color: var(--awb-text-color); font-family: var(--awb-text-font-family); font-size: var(--awb-font-size); font-style: var(--awb-text-font-style); font-weight: var(--awb-text-font-weight); letter-spacing: var(--awb-letter-spacing); text-align: var(--awb-content-alignment); text-transform: var(--awb-text-transform); background-color: var(--awb-bg-color-hover);\">P\u00e7a. Tetu\u00e1n, 2, <\/span><span style=\"color: var(--awb-text-color); font-family: var(--awb-text-font-family); font-size: var(--awb-font-size); font-style: var(--awb-text-font-style); font-weight: var(--awb-text-font-weight); letter-spacing: var(--awb-letter-spacing); text-align: var(--awb-content-alignment); text-transform: var(--awb-text-transform); background-color: var(--awb-bg-color-hover);\">17220 Sant Feliu de Guixols <\/span><span style=\"color: var(--awb-text-color); font-family: var(--awb-text-font-family); font-size: var(--awb-font-size); font-style: var(--awb-text-font-style); font-weight: var(--awb-text-font-weight); letter-spacing: var(--awb-letter-spacing); text-align: var(--awb-content-alignment); text-transform: var(--awb-text-transform); background-color: var(--awb-bg-color-hover);\">Girona<\/span><span style=\"color: var(--awb-text-color); font-family: var(--awb-text-font-family); font-size: var(--awb-font-size); font-style: var(--awb-text-font-style); font-weight: var(--awb-text-font-weight); letter-spacing: var(--awb-letter-spacing); text-align: var(--awb-content-alignment); text-transform: var(--awb-text-transform); background-color: var(--awb-bg-color-hover);\"> (Girona) amb CIF n\u00ba <\/span><span style=\"color: var(--awb-text-color); font-family: var(--awb-text-font-family); font-size: var(--awb-font-size); font-style: var(--awb-text-font-style); font-weight: var(--awb-text-font-weight); letter-spacing: var(--awb-letter-spacing); text-align: var(--awb-content-alignment); text-transform: var(--awb-text-transform); background-color: var(--awb-bg-color-hover);\">B17814211<\/span><span style=\"background-color: var(--awb-bg-color-hover); color: var(--awb-text-color); font-family: var(--awb-text-font-family); font-size: var(--awb-font-size); font-style: var(--awb-text-font-style); font-weight: var(--awb-text-font-weight); letter-spacing: var(--awb-letter-spacing); text-align: var(--awb-content-alignment); text-transform: var(--awb-text-transform);\">.<\/span><\/p>\n<p><span style=\"color: var(--awb-text-color); font-family: var(--awb-text-font-family); font-size: var(--awb-font-size); font-style: var(--awb-text-font-style); letter-spacing: var(--awb-letter-spacing); text-align: var(--awb-content-alignment); text-transform: var(--awb-text-transform); background-color: var(--awb-bg-color-hover);\"><b>Comunicacions<\/b><\/span><\/p>\n<p>Tel\u00e8fon: +34 972327396<\/p>\n<p>e-mail: <span style=\"color: var(--awb-text-color); font-family: var(--awb-text-font-family); font-size: var(--awb-font-size); font-style: var(--awb-text-font-style); font-weight: var(--awb-text-font-weight); letter-spacing: var(--awb-letter-spacing); text-align: var(--awb-content-alignment); text-transform: var(--awb-text-transform); background-color: var(--awb-bg-color-hover);\">info@mrassessors.com<\/span><\/p>\n<p>El present av\u00eds legal regula les condicions d\u2019\u00fas del citat portal d\u2019Internet.<\/p>\n<p><b>Llei aplicable i jurisdicci\u00f3<\/b><\/p>\n<p>Amb car\u00e0cter general les relacions entre MR ASSESSORS i els usuaris dels serveis telem\u00e0tics, presents a la Web, es troben sotmeses a la legislaci\u00f3 i jurisdicci\u00f3 espanyoles.<\/p>\n<p>Les parts renuncien expressament al fur que els pugui correspondre i sotmeten expressament als Jutjats i Tribunals de Girona (Girona) per resoldre qualsevol controv\u00e8rsia que pugui sorgir en la interpretaci\u00f3 o execuci\u00f3 de les presents condicions contractuals.<\/p>\n<p><b>Acceptaci\u00f3 de l\u2019usuari<\/b><\/p>\n<p>Aquest Av\u00eds Legal regula l\u2019acc\u00e9s i utilitzaci\u00f3 del lloc web que MR ASSESSORS posa a la disposici\u00f3 dels usuaris d\u2019Internet. Es considera usuari a la persona que accedeixi, navegui, utilitzi o participi en els serveis i activitats del lloc web.<\/p>\n<p>L\u2019usuari queda informat, i accepta, que l\u2019acc\u00e9s al present lloc web no suposa, de cap manera, l\u2019inici d\u2019una relaci\u00f3 comercial amb MR ASSESSORS.<\/p>\n<p>L\u2019acc\u00e9s i navegaci\u00f3 pel lloc web per part de l\u2019usuari suposa l\u2019acceptaci\u00f3 de la totalitat de les presents Condicions d\u2019\u00das. En cas de desacord amb les condicions ha d\u2019abstenir-se de usar el lloc web.<\/p>\n<p><b>Acc\u00e9s al lloc web<\/b><\/p>\n<p>L\u2019acc\u00e9s al lloc web per part dels usuaris \u00e9s de car\u00e0cter lliure i gratu\u00eft. Alguns serveis poden trobar-se subjectes a contractaci\u00f3 pr\u00e8via del servei.<\/p>\n<p>En cas de ser necessari que l\u2019usuari aporti dades personals per accedir a algun dels serveis, la recollida i el tractament de les dades es realitzar\u00e0 de conformitat amb la normativa vigent, en concret amb el RGPD. Per m\u00e9s informaci\u00f3, consulti la nostra pol\u00edtica de privacitat https:\/\/www.mrassessors.com\/politica-privacitat.<\/p>\n<p><b>Contingut i \u00fas<\/b><\/p>\n<p>La visita al lloc web per part de l\u2019usuari haur\u00e0 de fer-se de forma responsable i de conformitat a la legalitat vigent, la bona fe, el present Av\u00eds Legal i respectant els drets de propietat intel\u00b7lectual i industrial de titularitat de MR ASSESSORS o qualsevol altres persones f\u00edsiques o jur\u00eddiques.<\/p>\n<p>L\u2019\u00fas de qualsevol dels continguts del lloc web amb finalitats que siguin o poguessin ser il\u00b7l\u00edcites queda totalment prohibit, aix\u00ed com la realitzaci\u00f3 de qualsevol acci\u00f3 que causi o pugui causar danys o alteracions de qualsevol mena no consentides per MR ASSESSORS, al lloc web o als seus continguts.<\/p>\n<p>El titular del lloc web no s\u2019identifica amb les opinions abocades en el mateix pels seus col\u00b7laboradors. L\u2019empresa es reserva el dret a efectuar sense previ av\u00eds les modificacions que consideri oportunes en la seva Web, podent canviar, suprimir o afegir tant els continguts i serveis que es presten a trav\u00e9s de la mateixa com la forma en la qual aquests apareguin presentats o localitzats en els seus servidors.<\/p>\n<p>Queda terminantment prohibit l\u2019\u00fas de qualsevol dels continguts del lloc web amb fins il\u00b7l\u00edcits, aix\u00ed com realitzar qualsevol actuaci\u00f3 que causi o pugui ocasionar danys o alteracions de qualsevol tipus no consentit a per MR ASSESSORS, el lloc web o els seus continguts.<\/p>\n<p><b>Propietat intel\u00b7lectual i industrial<\/b><\/p>\n<p>Els drets de propietat intel\u00b7lectual del contingut de les p\u00e0gines del lloc web, el seu disseny gr\u00e0fic i codis s\u00f3n titularitat de MR ASSESSORS i, per tant, queda prohibida la seva reproducci\u00f3, distribuci\u00f3, comunicaci\u00f3 p\u00fablica, transformaci\u00f3 o qualsevol altra activitat que es realitzi amb els continguts del lloc web, encara que es citin les fonts, excepte que es compti amb el consentiment previ, expr\u00e9s i per escrit de MR ASSESSORS Tots els noms comercials, marques o signes distintius de qualsevol classe continguts en les p\u00e0gines web de l\u2019empresa s\u00f3n propietat dels seus propietaris i estan protegits per llei.<\/p>\n<p>MR ASSESSORS no concedeix cap llic\u00e8ncia o autoritzaci\u00f3 d\u2019\u00fas de cap classe sobre els seus drets de propietat intel\u00b7lectual i industrial o sobre qualsevol altra propietat o dret relacionat amb el lloc web, i en cap cas s\u2019entendr\u00e0 que l\u2019acc\u00e9s i navegaci\u00f3 dels usuaris implica una ren\u00fancia, transmissi\u00f3, llic\u00e8ncia o cessi\u00f3 total ni parcial d\u2019aquests drets per part de MR ASSESSORS.<\/p>\n<p>Qualsevol \u00fas d\u2019aquests continguts no autoritzats pr\u00e8viament per part de MR ASSESSORS ser\u00e0 considerat un incompliment greu dels drets de propietat intel\u00b7lectual o industrial i donar\u00e0 lloc a les responsabilitats legalment establertes. MR ASSESSORS es reserva el dret d\u2019exercitar enfront l\u2019usuari les accions judicials i extrajudicials que corresponguin.<\/p>\n<p><b>Responsabilitat i garanties<\/b><\/p>\n<p><span style=\"color: var(--awb-text-color); font-family: var(--awb-text-font-family); font-size: var(--awb-font-size); font-style: var(--awb-text-font-style); font-weight: var(--awb-text-font-weight); letter-spacing: var(--awb-letter-spacing); text-align: var(--awb-content-alignment); text-transform: var(--awb-text-transform); background-color: var(--awb-bg-color-hover);\">MR ASSESSORS<\/span> declara que ha adoptat les mesures necess\u00e0ries que, dins de les seves possibilitats i l\u2019estat de la tecnologia, permeten el correcte funcionament del seu lloc web aix\u00ed com l\u2019abs\u00e8ncia de virus i components nocius. No obstant aix\u00f2, MR ASSESSORS no pot fer-se responsable de les seg\u00fcents situacions que s\u2019enumeren a t\u00edtol enunciatiu, per\u00f2 no limitatiu:<\/p>\n<ul>\n<li>La continu\u00eftat i disponibilitat dels Continguts.<\/li>\n<li>L\u2019abs\u00e8ncia d\u2019errors en els Continguts ni la correcci\u00f3 de qualsevol defecte que pogu\u00e9s oc\u00f3rrer.<\/li>\n<li>L\u2019abs\u00e8ncia de virus i\/o altres components nocius.<\/li>\n<li>Els danys o perjudicis que causi qualsevol persona que vulneri els sistemes de seguretat de MR ASSESSORS.<\/li>\n<li>L\u2019\u00fas que els usuaris puguin fer dels continguts inclosos en el web. En conseq\u00fc\u00e8ncia, MR ASSESSORS no garanteix que l\u2019\u00fas que els usuaris puguin fer dels continguts que en el seu cas s\u2019incloguin en el lloc web s\u2019ajustin al present av\u00eds legal ni que l\u2019\u00fas del lloc web es realitzi de forma diligent.<\/li>\n<li>L\u2019\u00fas per menors d\u2019edat del lloc web o de l\u2019enviament de les seves dades personals sense el perm\u00eds dels seus tutors, sent els tutors responsables de l\u2019\u00fas que facin d\u2019Internet. Els continguts als quals l\u2019usuari pugui accedir a trav\u00e9s d\u2019enlla\u00e7os no autoritzats o introdu\u00efts per usuaris mitjan\u00e7ant comentaris o eines similars.<\/li>\n<li>La introducci\u00f3 de dades err\u00f2nies per part de l\u2019usuari o d\u2019un tercer.<\/li>\n<\/ul>\n<p>MR ASSESSORS podr\u00e0 suspendre temporalment i sense previ av\u00eds, l\u2019accessibilitat al lloc web amb motiu d\u2019operacions de manteniment, reparaci\u00f3, actualitzaci\u00f3 o millora. No obstant aix\u00f2, sempre que les circumst\u00e0ncies ho permetin, MR ASSESSORS comunicar\u00e0 a l\u2019usuari, amb antelaci\u00f3 suficient, la data prevista per la suspensi\u00f3 dels continguts.<\/p>\n<p>Igualment, de conformitat amb els arts. 11 i 16 de la Llei 34\/2002, d\u201911 de juliol, de serveis de la societat de la informaci\u00f3 i de comer\u00e7 electr\u00f2nic, MR ASSESSORS es compromet a l\u2019eliminaci\u00f3 o, en el seu cas, el bloqueig dels continguts que poguessin afectar o ser contraris a la legislaci\u00f3 vigent, els drets de tercers o la moral i ordre p\u00fablic.<\/p>\n<p><b>Cookies<\/b><\/p>\n<p>MR ASSESSORS utilitza cookies, a l\u2019efecte d\u2019optimitzar i personalitzar la seva navegaci\u00f3 pel lloc web. Les cookies s\u00f3n fitxers f\u00edsics d\u2019informaci\u00f3 que s\u2019allotgen en el mateix terminal de l\u2019usuari, la informaci\u00f3 recollida mitjan\u00e7ant les cookies serveix per facilitar la navegaci\u00f3 de l\u2019usuari pel portal i optimitzar l\u2019experi\u00e8ncia de navegaci\u00f3. Les dades recopilades mitjan\u00e7ant les cookies poden ser compartides amb els creadors d\u2019aquestes, per\u00f2 en cap cas la informaci\u00f3 obtinguda per les mateixes ser\u00e0 associada a dades personals ni a dades que poden identificar a l\u2019usuari.<\/p>\n<p>No obstant aix\u00f2, si l\u2019usuari no desitja que s\u2019instal\u00b7lin cookies en el seu disc dur, t\u00e9 la possibilitat de configurar el navegador de tal manera que impedeixi la instal\u00b7laci\u00f3 d\u2019aquests arxius. Per obtenir m\u00e9s informaci\u00f3 consulti la nostra Pol\u00edtica de Cookies https:\/\/www.mrassessors.com\/politica-cookies.<\/p>\n<p><b>Enlla\u00e7os (links)<\/b><\/p>\n<p>La pres\u00e8ncia d\u2019enlla\u00e7os (links) al lloc web de MR ASSESSORS https:\/\/www.mrassessors.com cap a altres llocs d\u2019Internet t\u00e9 finalitat merament informativa i en cap cas suposen suggeriment, invitaci\u00f3 o recomanaci\u00f3 sobre aquests. MR ASSESSORS<span style=\"color: var(--awb-text-color); font-family: var(--awb-text-font-family); font-size: var(--awb-font-size); font-style: var(--awb-text-font-style); font-weight: var(--awb-text-font-weight); letter-spacing: var(--awb-letter-spacing); text-align: var(--awb-content-alignment); text-transform: var(--awb-text-transform); background-color: var(--awb-bg-color);\"> no assumir\u00e0 responsabilitat pels continguts d\u2019un enlla\u00e7 pertanyent a un lloc web ali\u00e8, ni garantir\u00e0 la fiabilitat, exactitud, amplitud, veracitat, validesa i disponibilitat t\u00e8cnica.<\/span><\/p>\n<p>En el cas de que a altres llocs webs s\u2019estableixin enlla\u00e7os a el lloc web de MR ASSESSORS, no s\u2019entendr\u00e0 que MR ASSESSORS ha autoritzat l\u2019enlla\u00e7 o el contingut del lloc web en el que es cont\u00e9 l\u2019enlla\u00e7, tampoc es podr\u00e0 incloure a el lloc de l\u2019enlla\u00e7 continguts inapropiats, difamatoris, il\u00b7legals, obscens o il\u00b7l\u00edcits, ni altres continguts que siguin contraris a la legalitat vigent.<\/p>\n<p>MR ASSESSORS es reserva la possibilitat de contactar amb el propietari del lloc web en el qual s\u2019estableixi l\u2019enlla\u00e7 si considera que s\u2019incompleix la normativa, aix\u00ed com d\u2019exercitar les corresponents accions judicials i extrajudicials.<\/p>\n<p><b>Modificaci\u00f3 de les condicions<\/b><\/p>\n<p>MR ASSESSORS es reserva expressament el dret a modi car unilateralment, total o parcialment, sense necessitat de previ av\u00eds, el present Av\u00eds Legal. L\u2019usuari reconeix i accepta que \u00e9s responsabilitat seva revisar peri\u00f2dicament el present Av\u00eds Legal.<\/p>\n<\/div><\/div><\/div><\/div><\/div>\n","protected":false},"excerpt":{"rendered":"","protected":false},"author":1,"featured_media":0,"parent":0,"menu_order":0,"comment_status":"closed","ping_status":"closed","template":"","meta":{"footnotes":""},"class_list":["post-3","page","type-page","status-publish","hentry"],"yoast_head":"<!-- This site is optimized with the Yoast SEO plugin v23.7 - https:\/\/yoast.com\/wordpress\/plugins\/seo\/ -->\n<title>Av\u00eds Legal - MR Assessors<\/title>\n<meta name=\"robots\" content=\"index, follow, max-snippet:-1, max-image-preview:large, max-video-preview:-1\" \/>\n<link rel=\"canonical\" href=\"https:\/\/mrassessors.com\/ca\/avis-legal\/\" \/>\n<meta property=\"og:locale\" content=\"ca_ES\" \/>\n<meta property=\"og:type\" content=\"article\" \/>\n<meta property=\"og:title\" content=\"Av\u00eds Legal - MR Assessors\" \/>\n<meta property=\"og:url\" content=\"https:\/\/mrassessors.com\/ca\/avis-legal\/\" \/>\n<meta property=\"og:site_name\" content=\"MR Assessors\" \/>\n<meta property=\"article:modified_time\" content=\"2023-08-16T10:57:29+00:00\" \/>\n<meta name=\"twitter:card\" content=\"summary_large_image\" \/>\n<meta name=\"twitter:label1\" content=\"Temps estimat de lectura\" \/>\n\t<meta name=\"twitter:data1\" content=\"9 minuts\" \/>\n<script type=\"application\/ld+json\" class=\"yoast-schema-graph\">{\"@context\":\"https:\/\/schema.org\",\"@graph\":[{\"@type\":\"WebPage\",\"@id\":\"https:\/\/mrassessors.com\/ca\/avis-legal\/\",\"url\":\"https:\/\/mrassessors.com\/ca\/avis-legal\/\",\"name\":\"Av\u00eds Legal - MR Assessors\",\"isPartOf\":{\"@id\":\"https:\/\/mrassessors.com\/ca\/#website\"},\"datePublished\":\"2023-05-10T10:23:16+00:00\",\"dateModified\":\"2023-08-16T10:57:29+00:00\",\"breadcrumb\":{\"@id\":\"https:\/\/mrassessors.com\/ca\/avis-legal\/#breadcrumb\"},\"inLanguage\":\"ca\",\"potentialAction\":[{\"@type\":\"ReadAction\",\"target\":[\"https:\/\/mrassessors.com\/ca\/avis-legal\/\"]}]},{\"@type\":\"BreadcrumbList\",\"@id\":\"https:\/\/mrassessors.com\/ca\/avis-legal\/#breadcrumb\",\"itemListElement\":[{\"@type\":\"ListItem\",\"position\":1,\"name\":\"Portada\",\"item\":\"https:\/\/mrassessors.com\/ca\/\"},{\"@type\":\"ListItem\",\"position\":2,\"name\":\"Av\u00eds Legal\"}]},{\"@type\":\"WebSite\",\"@id\":\"https:\/\/mrassessors.com\/ca\/#website\",\"url\":\"https:\/\/mrassessors.com\/ca\/\",\"name\":\"MR Assessors\",\"description\":\"Gestoria Sant Feliu de Gu\u00edxols\",\"potentialAction\":[{\"@type\":\"SearchAction\",\"target\":{\"@type\":\"EntryPoint\",\"urlTemplate\":\"https:\/\/mrassessors.com\/ca\/?s={search_term_string}\"},\"query-input\":{\"@type\":\"PropertyValueSpecification\",\"valueRequired\":true,\"valueName\":\"search_term_string\"}}],\"inLanguage\":\"ca\"}]}<\/script>\n<!-- \/ Yoast SEO plugin. -->","yoast_head_json":{"title":"Av\u00eds Legal - MR Assessors","robots":{"index":"index","follow":"follow","max-snippet":"max-snippet:-1","max-image-preview":"max-image-preview:large","max-video-preview":"max-video-preview:-1"},"canonical":"https:\/\/mrassessors.com\/ca\/avis-legal\/","og_locale":"ca_ES","og_type":"article","og_title":"Av\u00eds Legal - MR Assessors","og_url":"https:\/\/mrassessors.com\/ca\/avis-legal\/","og_site_name":"MR Assessors","article_modified_time":"2023-08-16T10:57:29+00:00","twitter_card":"summary_large_image","twitter_misc":{"Temps estimat de lectura":"9 minuts"},"schema":{"@context":"https:\/\/schema.org","@graph":[{"@type":"WebPage","@id":"https:\/\/mrassessors.com\/ca\/avis-legal\/","url":"https:\/\/mrassessors.com\/ca\/avis-legal\/","name":"Av\u00eds Legal - MR Assessors","isPartOf":{"@id":"https:\/\/mrassessors.com\/ca\/#website"},"datePublished":"2023-05-10T10:23:16+00:00","dateModified":"2023-08-16T10:57:29+00:00","breadcrumb":{"@id":"https:\/\/mrassessors.com\/ca\/avis-legal\/#breadcrumb"},"inLanguage":"ca","potentialAction":[{"@type":"ReadAction","target":["https:\/\/mrassessors.com\/ca\/avis-legal\/"]}]},{"@type":"BreadcrumbList","@id":"https:\/\/mrassessors.com\/ca\/avis-legal\/#breadcrumb","itemListElement":[{"@type":"ListItem","position":1,"name":"Portada","item":"https:\/\/mrassessors.com\/ca\/"},{"@type":"ListItem","position":2,"name":"Av\u00eds Legal"}]},{"@type":"WebSite","@id":"https:\/\/mrassessors.com\/ca\/#website","url":"https:\/\/mrassessors.com\/ca\/","name":"MR Assessors","description":"Gestoria Sant Feliu de Gu\u00edxols","potentialAction":[{"@type":"SearchAction","target":{"@type":"EntryPoint","urlTemplate":"https:\/\/mrassessors.com\/ca\/?s={search_term_string}"},"query-input":{"@type":"PropertyValueSpecification","valueRequired":true,"valueName":"search_term_string"}}],"inLanguage":"ca"}]}},"_links":{"self":[{"href":"https:\/\/mrassessors.com\/ca\/wp-json\/wp\/v2\/pages\/3"}],"collection":[{"href":"https:\/\/mrassessors.com\/ca\/wp-json\/wp\/v2\/pages"}],"about":[{"href":"https:\/\/mrassessors.com\/ca\/wp-json\/wp\/v2\/types\/page"}],"author":[{"embeddable":true,"href":"https:\/\/mrassessors.com\/ca\/wp-json\/wp\/v2\/users\/1"}],"replies":[{"embeddable":true,"href":"https:\/\/mrassessors.com\/ca\/wp-json\/wp\/v2\/comments?post=3"}],"version-history":[{"count":6,"href":"https:\/\/mrassessors.com\/ca\/wp-json\/wp\/v2\/pages\/3\/revisions"}],"predecessor-version":[{"id":1746,"href":"https:\/\/mrassessors.com\/ca\/wp-json\/wp\/v2\/pages\/3\/revisions\/1746"}],"wp:attachment":[{"href":"https:\/\/mrassessors.com\/ca\/wp-json\/wp\/v2\/media?parent=3"}],"curies":[{"name":"wp","href":"https:\/\/api.w.org\/{rel}","templated":true}]}}