{"id":1723,"date":"2023-08-09T10:50:25","date_gmt":"2023-08-09T10:50:25","guid":{"rendered":"https:\/\/mrassessors.com\/politica-de-cookies\/"},"modified":"2023-08-16T10:09:30","modified_gmt":"2023-08-16T10:09:30","slug":"politica-de-cookies","status":"publish","type":"page","link":"https:\/\/mrassessors.com\/es\/politica-de-cookies\/","title":{"rendered":"Pol\u00edtica de Cookies"},"content":{"rendered":"<div class=\"fusion-fullwidth fullwidth-box fusion-builder-row-1 fusion-flex-container nonhundred-percent-fullwidth non-hundred-percent-height-scrolling\" style=\"--awb-border-radius-top-left:0px;--awb-border-radius-top-right:0px;--awb-border-radius-bottom-right:0px;--awb-border-radius-bottom-left:0px;--awb-flex-wrap:wrap;\" ><div class=\"fusion-builder-row fusion-row fusion-flex-align-items-flex-start fusion-flex-content-wrap\" style=\"max-width:1216.8px;margin-left: calc(-4% \/ 2 );margin-right: calc(-4% \/ 2 );\"><div class=\"fusion-layout-column fusion_builder_column fusion-builder-column-0 fusion_builder_column_1_1 1_1 fusion-flex-column\" style=\"--awb-bg-blend:overlay;--awb-bg-size:cover;--awb-width-large:100%;--awb-margin-top-large:0px;--awb-spacing-right-large:1.92%;--awb-margin-bottom-large:0px;--awb-spacing-left-large:1.92%;--awb-width-medium:100%;--awb-spacing-right-medium:1.92%;--awb-spacing-left-medium:1.92%;--awb-width-small:100%;--awb-spacing-right-small:1.92%;--awb-spacing-left-small:1.92%;\"><div class=\"fusion-column-wrapper fusion-flex-justify-content-flex-start fusion-content-layout-column\"><div class=\"fusion-title title fusion-title-1 fusion-title-text fusion-title-size-one\"><div class=\"title-sep-container title-sep-container-left fusion-no-large-visibility fusion-no-medium-visibility fusion-no-small-visibility\"><div class=\"title-sep sep- sep-solid\" style=\"border-color:var(--awb-color3);\"><\/div><\/div><span class=\"awb-title-spacer fusion-no-large-visibility fusion-no-medium-visibility fusion-no-small-visibility\"><\/span><h1 class=\"fusion-title-heading title-heading-left\" style=\"margin:0;text-transform:uppercase;\"><h2>Pol\u00edtica de Cookies<\/h2><\/h1><span class=\"awb-title-spacer\"><\/span><div class=\"title-sep-container title-sep-container-right\"><div class=\"title-sep sep- sep-solid\" style=\"border-color:var(--awb-color3);\"><\/div><\/div><\/div><div class=\"fusion-text fusion-text-1\"><p><span style=\"color: var(--awb-text-color); font-family: var(--awb-text-font-family); font-size: var(--awb-font-size); font-style: var(--awb-text-font-style); font-weight: var(--awb-text-font-weight); letter-spacing: var(--awb-letter-spacing); text-align: var(--awb-content-alignment); text-transform: var(--awb-text-transform); background-color: var(--awb-bg-color-hover);\">Actualizada: 09\/08\/2023<\/span><\/p>\n<p><span style=\"color: var(--awb-text-color); font-family: var(--awb-text-font-family); font-size: var(--awb-font-size); font-style: var(--awb-text-font-style); font-weight: var(--awb-text-font-weight); letter-spacing: var(--awb-letter-spacing); text-align: var(--awb-content-alignment); text-transform: var(--awb-text-transform); background-color: var(--awb-bg-color-hover);\">El sitio web https:\/\/www.mrassessors.com es responsabilidad de<\/span> MR ASESORAMIENTO Y GESTIO SL<span style=\"color: var(--awb-text-color); font-family: var(--awb-text-font-family); font-size: var(--awb-font-size); font-style: var(--awb-text-font-style); font-weight: var(--awb-text-font-weight); letter-spacing: var(--awb-letter-spacing); text-align: var(--awb-content-alignment); text-transform: var(--awb-text-transform); background-color: var(--awb-bg-color-hover);\">, (en adelante MR ASSESSORS), con domicilio social en<\/span> <span style=\"color: var(--awb-text-color); font-family: var(--awb-text-font-family); font-size: var(--awb-font-size); font-style: var(--awb-text-font-style); font-weight: var(--awb-text-font-weight); letter-spacing: var(--awb-letter-spacing); text-align: var(--awb-content-alignment); text-transform: var(--awb-text-transform); background-color: var(--awb-bg-color-hover);\">Plaza de Tetuan, 2,<\/span> <span style=\"color: var(--awb-text-color); font-family: var(--awb-text-font-family); font-size: var(--awb-font-size); font-style: var(--awb-text-font-style); font-weight: var(--awb-text-font-weight); letter-spacing: var(--awb-letter-spacing); text-align: var(--awb-content-alignment); text-transform: var(--awb-text-transform); background-color: var(--awb-bg-color-hover);\">Sant Feliu de Gu\u00edxols (17220), Girona, Espa\u00f1a<\/span> <span style=\"background-color: var(--awb-bg-color-hover); color: var(--awb-text-color); font-family: var(--awb-text-font-family); font-size: var(--awb-font-size); font-style: var(--awb-text-font-style); font-weight: var(--awb-text-font-weight); letter-spacing: var(--awb-letter-spacing); text-align: var(--awb-content-alignment); text-transform: var(--awb-text-transform);\">con CIF n\u00ba<\/span>B17814211<span style=\"background-color: var(--awb-bg-color-hover); color: var(--awb-text-color); font-family: var(--awb-text-font-family); font-size: var(--awb-font-size); font-style: var(--awb-text-font-style); font-weight: var(--awb-text-font-weight); letter-spacing: var(--awb-letter-spacing); text-align: var(--awb-content-alignment); text-transform: var(--awb-text-transform);\">i direcci\u00f3n de correo electr\u00f3nico<\/span> <span style=\"color: var(--awb-text-color); font-family: var(--awb-text-font-family); font-size: var(--awb-font-size); font-style: var(--awb-text-font-style); font-weight: var(--awb-text-font-weight); letter-spacing: var(--awb-letter-spacing); text-align: var(--awb-content-alignment); text-transform: var(--awb-text-transform); background-color: var(--awb-bg-color-hover);\">info@mrassessors.com.<\/span><\/p>\n<p>Consecuentemente, la utilizaci\u00f3n de cookies se le aplica la presente \u201cPol\u00edtica de Uso de Cookies\u201d que ha sido elaborada para que el usuario quede informado de los diferentes usos que se llevan a cabo en estos dispositivos y pueda consentir su tratamiento de forma informada, de conformidad con lo previsto en la legislaci\u00f3n vigente.<\/p>\n<p><b>\u00bfQu\u00e9 es una cookie?<\/b><\/p>\n<p>Una cookie es un archivo que se descarga en su ordenador al acceder al Usuario a determinadas p\u00e1ginas web. Las cookies permiten a una p\u00e1gina web, entre otras cosas, almacenar y recuperar informaci\u00f3n sobre los h\u00e1bitos de navegaci\u00f3n de un usuario o de su equipo y, dependiendo de la informaci\u00f3n que contengan y de la forma en que utilice su equipo, se pueden utilizar para reconocer al usuario.<\/p>\n<p><b>\u00bfQu\u00e9 tipos de cookies hay?<\/b><\/p>\n<p>Existen varios tipos de cookies en funci\u00f3n de diferentes criterios:<\/p>\n<p>En funci\u00f3n del tiempo que permanecen activadas:<\/p>\n<ul>\n<li>Cookies de sesi\u00f3n. Son un tipo de cookies dise\u00f1adas para recabar y almacenar datos mientras el usuario accede a una p\u00e1gina web.<\/li>\n<li>Cookies permanentes: Son un tipo de cookies en el que los datos siguen almacenados en el terminal y pueden ser accedidos y tratados durante un per\u00edodo definido por el responsable de la cookie.<\/li>\n<\/ul>\n<p>En funci\u00f3n de la titularidad:<\/p>\n<ul>\n<li>Cookies propias. Son las que pertenecen a MR ASSESSORS<\/li>\n<li>Cookies de terceros. Son aquellas cuya titularidad es de un tercero, diferente de MR ASSESSORS, que ser\u00e1 quien trate la informaci\u00f3n recogida.<\/li>\n<\/ul>\n<p>En funci\u00f3n de su finalidad:<\/p>\n<ul>\n<li>Cookies t\u00e9cnicas y\/o de personalizaci\u00f3n. Son aqu\u00e9llas que sirven para mejorar el servicio, localizar incidencias, reconocer al usuario, etc.<\/li>\n<li>Cookies de an\u00e1lisis y\/o publicidad. Son aqu\u00e9llas que sirven para analizar informaci\u00f3n sobre la navegaci\u00f3n y ofrecer publicidad, sea gen\u00e9rica o personalizada.<\/li>\n<\/ul>\n<p><b> <\/b><\/p>\n<p><b>\u00bfQu\u00e9 tipos de cookies son m\u00e1s habituales?<\/b><\/p>\n<p>T\u00c9CNICAS: Son cookies PROPIAS, de sesi\u00f3n, identificaci\u00f3n, configuraci\u00f3n y registro, estrictamente necesarias para la identificaci\u00f3n del usuario y para la prestaci\u00f3n de los servicios solicitados por el usuario. La informaci\u00f3n obtenida a trav\u00e9s de las mismas es tratada \u00fanicamente por MR ASSESSORS.<\/p>\n<p>DE AN\u00c1LISIS: Son aquellas que, bien tratadas por nosotros o por terceros, nos permiten cuantificar el n\u00famero de usuarios y as\u00ed realizar la medici\u00f3n y an\u00e1lisis estad\u00edstico de la utilizaci\u00f3n que realizan los usuarios del servicio ofrecido. Por eso se analiza su navegaci\u00f3n en nuestra p\u00e1gina web para mejorar la oferta de productos o servicios que le ofrecemos.<\/p>\n<p>DE PUBLICIDAD: Son aquellas que, bien tratadas por nosotros o por terceros, permiten la gesti\u00f3n, de la forma m\u00e1s eficaz posible, de los espacios publicitarios que pudieran incluirse en nuestra p\u00e1gina web y\/o almacenan informaci\u00f3n del comportamiento de los usuarios obtenida a trav\u00e9s de la observaci\u00f3n continua. Gracias a ellas, podemos conocer los h\u00e1bitos de navegaci\u00f3n en Internet y mostrarle publicidad relacionada con su perfil de navegaci\u00f3n.<\/p>\n<p><b> <\/b><\/p>\n<p><b>\u00bfPara qu\u00e9 sirve una cookie?<\/b><\/p>\n<p>Las cookies se utilizan para poder ofrecer servicios y\/o publicidad personalizados, para analizar el funcionamiento del sistema, reconocer cuando accede como usuario, localizar incidencias y problemas que puedan surgir y solucionar en el menor plazo posible, as\u00ed como analizar y medir el uso y actividad de la p\u00e1gina web.<\/p>\n<p><b>\u00bfSe necesita mi consentimiento para implantar una cookie?<\/b><\/p>\n<p>No es necesario el consentimiento para la instalaci\u00f3n de cookies t\u00e9cnicas o las que sean estrictamente necesarias para la prestaci\u00f3n de un servicio de la sociedad de la informaci\u00f3n expresamente solicitado por el destinatario.<\/p>\n<p>Para el resto, s\u00ed se necesita el consentimiento del interesado que puede solicitarse por diferentes v\u00edas. En el caso de MR ASSESSORS, se entender\u00e1 otorgado si Usted sigue utilizando la p\u00e1gina web, sin perjuicio de que en cualquier momento podr\u00e1 revocarle y desactivar las cookies.<\/p>\n<p><b>\u00bfQu\u00e9 tipos de cookies utiliza esta p\u00e1gina web?<\/b><\/p>\n<p>Cookies t\u00e9cnicas: Son aquellas creadas y gestionadas \u00fanicamente por nosotros, y permiten al usuario la navegaci\u00f3n a trav\u00e9s de nuestra p\u00e1gina web y la utilizaci\u00f3n de las diferentes opciones como, por ejemplo, identificar la sesi\u00f3n, personalizar informaci\u00f3n o acceder a zonas de acceso restringido.<\/p>\n<p>El sitio web de MR ASSESSORS, utiliza Google Analytics, una herramienta de anal\u00edtica web desarrollada por Google, que ayuda a los propietarios de sitios web a medir c\u00f3mo interact\u00faan los usuarios con el contenido del sitio. Para la prestaci\u00f3n de estos servicios, Google Analytics utiliza cookies que recopilan la informaci\u00f3n, incluida la direcci\u00f3n IP del usuario que ser\u00e1 transmitida, tratada y almacenada por Google en los t\u00e9rminos fijados en la web Google.com.<\/p>\n<p>Para m\u00e1s informaci\u00f3n ver:<\/p>\n<p><a href=\"https:\/\/developers.google.com\/analytics\/devguides\/collection\/analyticsjs\/cookie-usage\">https:\/\/developers.google.com\/analytics\/devguides\/collection\/analyticsjs\/cookie-usage<\/a><\/p>\n<p>El dominio web <a href=\"https:\/\/www.mrassessors.com\">https:\/\/www.mrassessors.com<\/a> utilizan los siguientes tipos de cookies:<\/p>\n<\/div>\n<div class=\"table-1\">\n<table width=\"100%\">\n<thead>\n<tr>\n<th align=\"left\">Nombre de la cookie<\/th>\n<th align=\"left\">Finalidad<\/th>\n<th align=\"left\">Expira<\/th>\n<\/tr>\n<\/thead>\n<tbody>\n<tr>\n<td align=\"left\">CookieConsent<\/td>\n<td align=\"left\">Funci\u00f3n de aceptaci\u00f3n de cookies en los sitios web<\/td>\n<td align=\"left\">Permanente<\/td>\n<\/tr>\n<tr>\n<td align=\"left\">Wp-wpml-current-language<\/td>\n<td align=\"left\">Cookie del Plugin WPML para almacenar la configuraci\u00f3n de los lenguajes<\/td>\n<td align=\"left\">1 d\u00eda<\/td>\n<\/tr>\n<\/tbody>\n<\/table>\n<\/div>\n<div class=\"fusion-text fusion-text-2\"><p><b>\u00bfC\u00f3mo desactivar cookies?<\/b><\/p>\n<p>Puede permitir, bloquear o eliminar las cookies instaladas en su equipo mediante la configuraci\u00f3n de las opciones del navegador en su ordenador.<\/p>\n<ul>\n<li><span style=\"color: var(--awb-color7);\">Firefox : <\/span><a style=\"color: var(--awb-color6);\" href=\"https:\/\/support.mozilla.org\/es\/kb\/habilitar-y-deshabilitar-cookies-sitios-web-rastrear-preferencias?redirectlocale=es&amp;redirectslug=habilitar-y-deshabilitar-cookies-que-los-sitios-we\">https:\/\/support.mozilla.org\/es\/kb\/habilitar-y-deshabilitar-cookies-sitios-web-rastrear-preferencias?redirectlocale=es&amp;redirectslug=habilitar-y-deshabilitar-cookies-que-los-sitios-we<\/a><\/li>\n<li><span style=\"color: var(--awb-color7);\">Chrome: <\/span><a style=\"color: var(--awb-color6);\" href=\"https:\/\/support.google.com\/chrome\/answer\/95647?hl=es\">https:\/\/support.google.com\/chrome\/answer\/95647?hl=es<\/a><\/li>\n<li><span style=\"color: var(--awb-color7);\">Internet Explorer: <\/span><span style=\"color: #666666;\"><a style=\"color: var(--awb-color6);\" href=\"https:\/\/support.microsoft.com\/es-es\/products\/windows?os=windows-10\">https:\/\/support.microsoft.com\/es-es\/products\/windows?os=windows-10<\/a><\/span><\/li>\n<li><span style=\"color: var(--awb-color7);\">Safari: <\/span><a style=\"color: var(--awb-color6);\" href=\"https:\/\/support.apple.com\/kb\/ph5042?locale=es_ES\">https:\/\/support.apple.com\/kb\/ph5042?locale=es_ES<\/a><\/li>\n<li><span style=\"color: var(--awb-color7);\">Safari para iOS: <\/span><a style=\"color: var(--awb-color6);\" href=\"https:\/\/support.apple.com\/es-es\/HT201265\">https:\/\/support.apple.com\/es-es\/HT201265<\/a><\/li>\n<li><span style=\"color: var(--awb-color7);\">Opera: <span style=\"color: var(--awb-color6);\">http:\/\/help.opera.com\/Windows\/11.50\/es-ES\/cookies.html<\/span><\/span><\/li>\n<\/ul>\n<p>Ejercicio de derechos<\/p>\n<p>Puede conocer y ejercer sus derechos en materia de protecci\u00f3n de datos accediendo a nuestra pol\u00edtica de privacidad https:\/\/www.mrassessors.com\/pol\u00edtica-privacidad.<\/p>\n<p>Informaci\u00f3n adicional<\/p>\n<p>Puede consultar m\u00e1s informaci\u00f3n en la gu\u00eda sobre el uso de las cookies editada por la AGPD en: <a href=\"ttps:\/\/www.aepd.es\/sites\/default\/files\/2020-07\/guia-cookies.pdf\">https:\/\/www.aepd.es\/sites\/default\/files\/2020-07\/guia-cookies.pdf<\/a><\/p>\n<\/div><\/div><\/div><\/div><\/div>\n","protected":false},"excerpt":{"rendered":"","protected":false},"author":2,"featured_media":0,"parent":0,"menu_order":0,"comment_status":"closed","ping_status":"closed","template":"","meta":{"footnotes":""},"class_list":["post-1723","page","type-page","status-publish","hentry"],"yoast_head":"<!-- This site is optimized with the Yoast SEO plugin v23.7 - https:\/\/yoast.com\/wordpress\/plugins\/seo\/ -->\n<title>Pol\u00edtica de Cookies - MR Assessors<\/title>\n<meta name=\"robots\" content=\"index, follow, max-snippet:-1, max-image-preview:large, max-video-preview:-1\" \/>\n<link rel=\"canonical\" href=\"https:\/\/mrassessors.com\/es\/politica-de-cookies\/\" \/>\n<meta property=\"og:locale\" content=\"es_ES\" \/>\n<meta property=\"og:type\" content=\"article\" \/>\n<meta property=\"og:title\" content=\"Pol\u00edtica de Cookies - MR Assessors\" \/>\n<meta property=\"og:url\" content=\"https:\/\/mrassessors.com\/es\/politica-de-cookies\/\" \/>\n<meta property=\"og:site_name\" content=\"MR Assessors\" \/>\n<meta property=\"article:modified_time\" content=\"2023-08-16T10:09:30+00:00\" \/>\n<meta name=\"twitter:card\" content=\"summary_large_image\" \/>\n<meta name=\"twitter:label1\" content=\"Tiempo de lectura\" \/>\n\t<meta name=\"twitter:data1\" content=\"7 minutos\" \/>\n<script type=\"application\/ld+json\" class=\"yoast-schema-graph\">{\"@context\":\"https:\/\/schema.org\",\"@graph\":[{\"@type\":\"WebPage\",\"@id\":\"https:\/\/mrassessors.com\/es\/politica-de-cookies\/\",\"url\":\"https:\/\/mrassessors.com\/es\/politica-de-cookies\/\",\"name\":\"Pol\u00edtica de Cookies - MR Assessors\",\"isPartOf\":{\"@id\":\"https:\/\/mrassessors.com\/es\/#website\"},\"datePublished\":\"2023-08-09T10:50:25+00:00\",\"dateModified\":\"2023-08-16T10:09:30+00:00\",\"breadcrumb\":{\"@id\":\"https:\/\/mrassessors.com\/es\/politica-de-cookies\/#breadcrumb\"},\"inLanguage\":\"es\",\"potentialAction\":[{\"@type\":\"ReadAction\",\"target\":[\"https:\/\/mrassessors.com\/es\/politica-de-cookies\/\"]}]},{\"@type\":\"BreadcrumbList\",\"@id\":\"https:\/\/mrassessors.com\/es\/politica-de-cookies\/#breadcrumb\",\"itemListElement\":[{\"@type\":\"ListItem\",\"position\":1,\"name\":\"Portada\",\"item\":\"https:\/\/mrassessors.com\/es\/\"},{\"@type\":\"ListItem\",\"position\":2,\"name\":\"Pol\u00edtica de Cookies\"}]},{\"@type\":\"WebSite\",\"@id\":\"https:\/\/mrassessors.com\/es\/#website\",\"url\":\"https:\/\/mrassessors.com\/es\/\",\"name\":\"MR Assessors\",\"description\":\"Gestoria Sant Feliu de Gu\u00edxols\",\"potentialAction\":[{\"@type\":\"SearchAction\",\"target\":{\"@type\":\"EntryPoint\",\"urlTemplate\":\"https:\/\/mrassessors.com\/es\/?s={search_term_string}\"},\"query-input\":{\"@type\":\"PropertyValueSpecification\",\"valueRequired\":true,\"valueName\":\"search_term_string\"}}],\"inLanguage\":\"es\"}]}<\/script>\n<!-- \/ Yoast SEO plugin. -->","yoast_head_json":{"title":"Pol\u00edtica de Cookies - MR Assessors","robots":{"index":"index","follow":"follow","max-snippet":"max-snippet:-1","max-image-preview":"max-image-preview:large","max-video-preview":"max-video-preview:-1"},"canonical":"https:\/\/mrassessors.com\/es\/politica-de-cookies\/","og_locale":"es_ES","og_type":"article","og_title":"Pol\u00edtica de Cookies - MR Assessors","og_url":"https:\/\/mrassessors.com\/es\/politica-de-cookies\/","og_site_name":"MR Assessors","article_modified_time":"2023-08-16T10:09:30+00:00","twitter_card":"summary_large_image","twitter_misc":{"Tiempo de lectura":"7 minutos"},"schema":{"@context":"https:\/\/schema.org","@graph":[{"@type":"WebPage","@id":"https:\/\/mrassessors.com\/es\/politica-de-cookies\/","url":"https:\/\/mrassessors.com\/es\/politica-de-cookies\/","name":"Pol\u00edtica de Cookies - MR Assessors","isPartOf":{"@id":"https:\/\/mrassessors.com\/es\/#website"},"datePublished":"2023-08-09T10:50:25+00:00","dateModified":"2023-08-16T10:09:30+00:00","breadcrumb":{"@id":"https:\/\/mrassessors.com\/es\/politica-de-cookies\/#breadcrumb"},"inLanguage":"es","potentialAction":[{"@type":"ReadAction","target":["https:\/\/mrassessors.com\/es\/politica-de-cookies\/"]}]},{"@type":"BreadcrumbList","@id":"https:\/\/mrassessors.com\/es\/politica-de-cookies\/#breadcrumb","itemListElement":[{"@type":"ListItem","position":1,"name":"Portada","item":"https:\/\/mrassessors.com\/es\/"},{"@type":"ListItem","position":2,"name":"Pol\u00edtica de Cookies"}]},{"@type":"WebSite","@id":"https:\/\/mrassessors.com\/es\/#website","url":"https:\/\/mrassessors.com\/es\/","name":"MR Assessors","description":"Gestoria Sant Feliu de Gu\u00edxols","potentialAction":[{"@type":"SearchAction","target":{"@type":"EntryPoint","urlTemplate":"https:\/\/mrassessors.com\/es\/?s={search_term_string}"},"query-input":{"@type":"PropertyValueSpecification","valueRequired":true,"valueName":"search_term_string"}}],"inLanguage":"es"}]}},"_links":{"self":[{"href":"https:\/\/mrassessors.com\/es\/wp-json\/wp\/v2\/pages\/1723"}],"collection":[{"href":"https:\/\/mrassessors.com\/es\/wp-json\/wp\/v2\/pages"}],"about":[{"href":"https:\/\/mrassessors.com\/es\/wp-json\/wp\/v2\/types\/page"}],"author":[{"embeddable":true,"href":"https:\/\/mrassessors.com\/es\/wp-json\/wp\/v2\/users\/2"}],"replies":[{"embeddable":true,"href":"https:\/\/mrassessors.com\/es\/wp-json\/wp\/v2\/comments?post=1723"}],"version-history":[{"count":5,"href":"https:\/\/mrassessors.com\/es\/wp-json\/wp\/v2\/pages\/1723\/revisions"}],"predecessor-version":[{"id":1739,"href":"https:\/\/mrassessors.com\/es\/wp-json\/wp\/v2\/pages\/1723\/revisions\/1739"}],"wp:attachment":[{"href":"https:\/\/mrassessors.com\/es\/wp-json\/wp\/v2\/media?parent=1723"}],"curies":[{"name":"wp","href":"https:\/\/api.w.org\/{rel}","templated":true}]}}