{"id":1743,"date":"2023-05-10T10:23:16","date_gmt":"2023-05-10T10:23:16","guid":{"rendered":"https:\/\/mrassessors.com\/aviso-legal\/"},"modified":"2023-08-16T10:29:10","modified_gmt":"2023-08-16T10:29:10","slug":"aviso-legal","status":"publish","type":"page","link":"https:\/\/mrassessors.com\/es\/aviso-legal\/","title":{"rendered":"Aviso Legal"},"content":{"rendered":"<div class=\"fusion-fullwidth fullwidth-box fusion-builder-row-1 fusion-flex-container nonhundred-percent-fullwidth non-hundred-percent-height-scrolling\" style=\"--awb-border-radius-top-left:0px;--awb-border-radius-top-right:0px;--awb-border-radius-bottom-right:0px;--awb-border-radius-bottom-left:0px;--awb-flex-wrap:wrap;\" ><div class=\"fusion-builder-row fusion-row fusion-flex-align-items-flex-start fusion-flex-content-wrap\" style=\"max-width:1216.8px;margin-left: calc(-4% \/ 2 );margin-right: calc(-4% \/ 2 );\"><div class=\"fusion-layout-column fusion_builder_column fusion-builder-column-0 fusion_builder_column_1_1 1_1 fusion-flex-column\" style=\"--awb-bg-blend:overlay;--awb-bg-size:cover;--awb-width-large:100%;--awb-margin-top-large:0px;--awb-spacing-right-large:1.92%;--awb-margin-bottom-large:0px;--awb-spacing-left-large:1.92%;--awb-width-medium:100%;--awb-spacing-right-medium:1.92%;--awb-spacing-left-medium:1.92%;--awb-width-small:100%;--awb-spacing-right-small:1.92%;--awb-spacing-left-small:1.92%;\"><div class=\"fusion-column-wrapper fusion-flex-justify-content-flex-start fusion-content-layout-column\"><div class=\"fusion-title title fusion-title-1 fusion-title-text fusion-title-size-one\"><div class=\"title-sep-container title-sep-container-left fusion-no-large-visibility fusion-no-medium-visibility fusion-no-small-visibility\"><div class=\"title-sep sep- sep-solid\" style=\"border-color:var(--awb-color3);\"><\/div><\/div><span class=\"awb-title-spacer fusion-no-large-visibility fusion-no-medium-visibility fusion-no-small-visibility\"><\/span><h1 class=\"fusion-title-heading title-heading-left\" style=\"margin:0;text-transform:uppercase;\"><h2>Aviso Legal<\/h2><\/h1><span class=\"awb-title-spacer\"><\/span><div class=\"title-sep-container title-sep-container-right\"><div class=\"title-sep sep- sep-solid\" style=\"border-color:var(--awb-color3);\"><\/div><\/div><\/div><div class=\"fusion-text fusion-text-1\"><p>Actualizado el 09\/08\/2023<\/p>\n<p>En cumplimiento con el deber de informaci\u00f3n recogido en el art\u00edculo 10 de la Ley 34\/2002, de 11 de Julio, de Servicios de la Informaci\u00f3n y del Comercio Electr\u00f3nico, le informamos que el sitio web y los portales de Internet https:\/\/www.mrassessors.com. (en adelante, el sitio \u201cWeb\u201d) es titularidad de MR ASSESORAMENT I GESTIO SL (en adelante MR ASSESSORS), con domicilio social en Calle<span style=\"color: var(--awb-text-color); font-family: var(--awb-text-font-family); font-size: var(--awb-font-size); font-style: var(--awb-text-font-style); font-weight: var(--awb-text-font-weight); letter-spacing: var(--awb-letter-spacing); text-align: var(--awb-content-alignment); text-transform: var(--awb-text-transform); background-color: var(--awb-bg-color-hover);\">Plaza Tetu\u00e1n, 2, <\/span><span style=\"color: var(--awb-text-color); font-family: var(--awb-text-font-family); font-size: var(--awb-font-size); font-style: var(--awb-text-font-style); font-weight: var(--awb-text-font-weight); letter-spacing: var(--awb-letter-spacing); text-align: var(--awb-content-alignment); text-transform: var(--awb-text-transform); background-color: var(--awb-bg-color-hover);\">17220 Sant Feliu de Guixols <\/span><span style=\"color: var(--awb-text-color); font-family: var(--awb-text-font-family); font-size: var(--awb-font-size); font-style: var(--awb-text-font-style); font-weight: var(--awb-text-font-weight); letter-spacing: var(--awb-letter-spacing); text-align: var(--awb-content-alignment); text-transform: var(--awb-text-transform); background-color: var(--awb-bg-color-hover);\">Girona<\/span><span style=\"color: var(--awb-text-color); font-family: var(--awb-text-font-family); font-size: var(--awb-font-size); font-style: var(--awb-text-font-style); font-weight: var(--awb-text-font-weight); letter-spacing: var(--awb-letter-spacing); text-align: var(--awb-content-alignment); text-transform: var(--awb-text-transform); background-color: var(--awb-bg-color-hover);\"> (Girona) con CIF n\u00ba <\/span><span style=\"color: var(--awb-text-color); font-family: var(--awb-text-font-family); font-size: var(--awb-font-size); font-style: var(--awb-text-font-style); font-weight: var(--awb-text-font-weight); letter-spacing: var(--awb-letter-spacing); text-align: var(--awb-content-alignment); text-transform: var(--awb-text-transform); background-color: var(--awb-bg-color-hover);\">B17814211<\/span><span style=\"background-color: var(--awb-bg-color-hover); color: var(--awb-text-color); font-family: var(--awb-text-font-family); font-size: var(--awb-font-size); font-style: var(--awb-text-font-style); font-weight: var(--awb-text-font-weight); letter-spacing: var(--awb-letter-spacing); text-align: var(--awb-content-alignment); text-transform: var(--awb-text-transform);\">.<\/span><\/p>\n<p><span style=\"color: var(--awb-text-color); font-family: var(--awb-text-font-family); font-size: var(--awb-font-size); font-style: var(--awb-text-font-style); letter-spacing: var(--awb-letter-spacing); text-align: var(--awb-content-alignment); text-transform: var(--awb-text-transform); background-color: var(--awb-bg-color-hover);\"><b>Comunicaciones<\/b><\/span><\/p>\n<p>Tel\u00e9fono: +34 972327396<\/p>\n<p>e-mail: <span style=\"color: var(--awb-text-color); font-family: var(--awb-text-font-family); font-size: var(--awb-font-size); font-style: var(--awb-text-font-style); font-weight: var(--awb-text-font-weight); letter-spacing: var(--awb-letter-spacing); text-align: var(--awb-content-alignment); text-transform: var(--awb-text-transform); background-color: var(--awb-bg-color-hover);\">info@mrassessors.com<\/span><\/p>\n<p>El presente aviso legal regula las condiciones de uso del citado portal de Internet.<\/p>\n<p><b>Ley aplicable y jurisdicci\u00f3n<\/b><\/p>\n<p>Con car\u00e1cter general las relaciones entre MR ASSESSORS y los usuarios de los servicios telem\u00e1ticos, presentes en la Web, se encuentran sometidas a la legislaci\u00f3n y jurisdicci\u00f3n espa\u00f1olas.<\/p>\n<p>Las partes renuncian expresamente al fuero que les pueda corresponder y someten expresamente a los Juzgados y Tribunales de Girona (Girona) para resolver cualquier controversia que pueda surgir en la interpretaci\u00f3n o ejecuci\u00f3n de las presentes condiciones contractuales.<\/p>\n<p><b>Aceptaci\u00f3n del usuario<\/b><\/p>\n<p>Este Aviso Legal regula el acceso y utilizaci\u00f3n del sitio web que MR Assessors pone a disposici\u00f3n de los usuarios de Internet. Se considera usuario a la persona que acceda, navegue, utilice o participe en los servicios y actividades del sitio web.<\/p>\n<p>El usuario queda informado, y acepta, que el acceso al presente sitio web no supone, en modo alguno, el inicio de una relaci\u00f3n comercial con MR ASSESSORS.<\/p>\n<p>El acceso y navegaci\u00f3n por el sitio web por parte del usuario supone la aceptaci\u00f3n de la totalidad de las presentes Condiciones de Uso. En caso de desacuerdo con las condiciones debe abstenerse de usar el sitio web.<\/p>\n<p><b>Acceso al sitio web<\/b><\/p>\n<p>El acceso al sitio web por parte de los usuarios es de car\u00e1cter libre y gratuito. Algunos servicios pueden estar sujetos a contrataci\u00f3n previa del servicio.<\/p>\n<p>En caso de ser necesario que el usuario aporte datos personales para acceder a alguno de los servicios, la recogida y tratamiento de los datos se realizar\u00e1 de conformidad con la normativa vigente, en concreto con el RGPD. Para m\u00e1s informaci\u00f3n, consulte nuestra pol\u00edtica de privacidad https:\/\/www.mrassessors.com\/es\/politica-privacidad.<\/p>\n<p><b>Contenido y uso<\/b><\/p>\n<p>La visita al sitio web por parte del usuario deber\u00e1 realizarse de forma responsable y de conformidad a la legalidad vigente, la buena fe, el presente Aviso Legal y respetando los derechos de propiedad intelectual e industrial de titularidad de MR ASESORES o cualquier otra persona f\u00edsica o jur\u00eddica.<\/p>\n<p>El uso de cualquiera de los contenidos del sitio web con finalidades que sean o pudieran ser il\u00edcitas queda totalmente prohibido, as\u00ed como la realizaci\u00f3n de cualquier acci\u00f3n que cause o pueda causar da\u00f1os o alteraciones de cualquier tipo no consentidas por MR ASSESSORS, en el sitio web o sus contenidos.<\/p>\n<p>El titular del sitio web no se identifica con las opiniones vertidas en el mismo por sus colaboradores. La empresa se reserva el derecho a efectuar sin previo aviso las modificaciones que considere oportunas en su Web, pudiendo cambiar, suprimir o a\u00f1adir tanto los contenidos y servicios que se prestan a trav\u00e9s de la misma como la forma en la que \u00e9stos aparezcan presentados o localizados en sus servidores.<\/p>\n<p>Queda terminantemente prohibido el uso de cualquiera de los contenidos del sitio web con fines il\u00edcitos, as\u00ed como realizar cualquier actuaci\u00f3n que cause o pueda ocasionar da\u00f1os o alteraciones de cualquier tipo no consentido por MR ASSESSORS, el sitio web o sus contenidos.<\/p>\n<p><b>Propiedad intelectual e industrial<\/b><\/p>\n<p>Los derechos de propiedad intelectual del contenido de las p\u00e1ginas del sitio web, su dise\u00f1o gr\u00e1fico y c\u00f3digos son titularidad de MR ASSESSORS y, por tanto, queda prohibida su reproducci\u00f3n, distribuci\u00f3n, comunicaci\u00f3n p\u00fablica, transformaci\u00f3n o cualquier otra actividad que se realice con los contenidos del sitio web, aunque se citen las fuentes, salvo que se cuente con el consentimiento previo, expreso y por escrito de MR ASSESSORS Todos los nombres comerciales, marcas o signos distintivos de cualquier clase contenidos en las p\u00e1ginas web del empresa son propiedad de sus propietarios y est\u00e1n protegidos por ley.<\/p>\n<p>MR ASSESSORS no concede ninguna licencia o autorizaci\u00f3n de uso de ninguna clase sobre sus derechos de propiedad intelectual e industrial o sobre cualquier otra propiedad o derecho relacionado con el sitio web, y en ning\u00fan caso se entender\u00e1 que el acceso y navegaci\u00f3n de los usuarios implica una renuncia, transmisi\u00f3n, licencia o cesi\u00f3n total ni parcial de estos derechos por parte de MR ASSESSORS.<\/p>\n<p>Cualquier uso de estos contenidos no autorizados previamente por parte de MR ASSESSORS ser\u00e1 considerado un incumplimiento grave de los derechos de propiedad intelectual o industrial y dar\u00e1 lugar a las responsabilidades legalmente establecidas. MR ASSESSORS se reserva el derecho de ejercitar frente al usuario las acciones judiciales y extrajudiciales que correspondan.<\/p>\n<p><b>Responsabilidad y garant\u00edas<\/b><\/p>\n<p><span style=\"color: var(--awb-text-color); font-family: var(--awb-text-font-family); font-size: var(--awb-font-size); font-style: var(--awb-text-font-style); font-weight: var(--awb-text-font-weight); letter-spacing: var(--awb-letter-spacing); text-align: var(--awb-content-alignment); text-transform: var(--awb-text-transform); background-color: var(--awb-bg-color-hover);\">MR ASSESSORS declara que ha adoptado las medidas necesarias que, dentro de sus posibilidades y el estado de la tecnolog\u00eda, permiten el correcto funcionamiento de su sitio web as\u00ed como la ausencia de virus y componentes nocivos.<\/span> Sin embargo, MR ASSESSORS no puede hacerse responsable de las siguientes situaciones que se enumeran a t\u00edtulo enunciativo, pero no limitativo:<\/p>\n<ul>\n<li>La continuidad y disponibilidad de los Contenidos.<\/li>\n<li>La ausencia de errores en los Contenidos ni la correcci\u00f3n de cualquier defecto que pudiera ocurrir.<\/li>\n<li>La ausencia de virus y\/u otros componentes nocivos.<\/li>\n<li>Los da\u00f1os o perjuicios que cause cualquier persona que vulnere los sistemas de seguridad de MR ASSESSORS.<\/li>\n<li>El uso que los usuarios puedan realizar de los contenidos incluidos en la web. En consecuencia, MR ASSESSORS no garantiza que el uso que los usuarios puedan realizar de los contenidos que en su caso se incluyan en el sitio web se ajusten al presente aviso legal ni que el uso del sitio web se realice de forma diligente.<\/li>\n<li>El uso por menores de edad del sitio web o del env\u00edo de sus datos personales sin el permiso de sus tutores, siendo los tutores responsables del uso que hagan de Internet. Los contenidos a los que el usuario pueda acceder a trav\u00e9s de enlaces no autorizados o introducidos por usuarios mediante comentarios o herramientas similares.<\/li>\n<li>La introducci\u00f3n de datos err\u00f3neos por parte del usuario o de un tercero.<\/li>\n<\/ul>\n<p>MR ASSESSORS podr\u00e1 suspender temporalmente y sin previo aviso, la accesibilidad al sitio web con motivo de operaciones de mantenimiento, reparaci\u00f3n, actualizaci\u00f3n o mejora. No obstante, siempre que las circunstancias lo permitan, MR ASSESSORS comunicar\u00e1 al usuario, con antelaci\u00f3n suficiente, la fecha prevista para la suspensi\u00f3n de los contenidos.<\/p>\n<p>Asimismo, de conformidad con los arts. 11 y 16 de la Ley 34\/2002, de 11 de julio, de servicios de la sociedad de la informaci\u00f3n y de comercio electr\u00f3nico, MR ASSESSORS se compromete a la eliminaci\u00f3n o, en su caso, el bloqueo de los contenidos que pudieran afectar o ser contrario a la legislaci\u00f3n vigente, los derechos de terceros o la moral y orden p\u00fablico.<\/p>\n<p><b>Cookies<\/b><\/p>\n<p>MR ASSESSORS utiliza cookies, a efectos de optimizar y personalizar su navegaci\u00f3n por el sitio web. Las cookies son archivos f\u00edsicos de informaci\u00f3n que se alojan en el mismo terminal del usuario, la informaci\u00f3n recogida mediante las cookies sirve para facilitar la navegaci\u00f3n del usuario por el portal y optimizar la experiencia de navegaci\u00f3n. Los datos recopilados mediante las cookies pueden ser compartidos con los creadores de \u00e9stas, pero en ning\u00fan caso la informaci\u00f3n obtenida por las mismas ser\u00e1 asociada a datos personales ni a datos que pueden identificar al usuario.<\/p>\n<p>Sin embargo, si el usuario no desea que se instalen cookies en su disco duro, tiene la posibilidad de configurar el navegador de tal forma que impida la instalaci\u00f3n de estos archivos. Para obtener m\u00e1s informaci\u00f3n consulte nuestra Pol\u00edtica de Cookies https:\/\/www.mrassessors.com\/es\/politica-cookies.<\/p>\n<p><b>Enlaces (links)<\/b><\/p>\n<p>La presencia de enlaces (links) al sitio web de MR ASSESSORS https:\/\/www.mrassessors.com hacia otros sitios de Internet tiene finalidad meramente informativa y en ning\u00fan caso suponen sugerencia, invitaci\u00f3n o recomendaci\u00f3n sobre los mismos. MR ASSESSORS no asumir\u00e1 responsabilidad por los contenidos de un enlace perteneciente a un sitio web ajeno, ni garantizar\u00e1 la fiabilidad, exactitud, amplitud, veracidad, validez y disponibilidad t\u00e9cnica.<\/p>\n<p>En el caso de que en otros sitios webs se establezcan enlaces al sitio web de MR ASSESSORS, no se entender\u00e1 que MR ASSESSORS ha autorizado el enlace o el contenido del sitio web en el que se contiene el enlace, tampoco se podr\u00e1 incluir en el sitio del enlace contenidos inapropiados, difamatorios, ilegales, obscenos o il\u00edcitos, ni otros contenidos que sean contrarios a la legalidad vigente.<\/p>\n<p>MR ASSESSORS se reserva la posibilidad de contactar con el propietario del sitio web en el que se establezca el enlace si considera que se incumple la normativa, as\u00ed como de ejercitar las correspondientes acciones judiciales y extrajudiciales.<\/p>\n<p><b>Modificaci\u00f3n de las condiciones<\/b><\/p>\n<p>MR ASSESSORS se reserva expresamente el derecho a modi car unilateralmente, total o parcialmente, sin necesidad de previo aviso, el presente Aviso Legal. El usuario reconoce y acepta que es su responsabilidad revisar peri\u00f3dicamente el presente Aviso Legal.<\/p>\n<\/div><\/div><\/div><\/div><\/div>\n","protected":false},"excerpt":{"rendered":"","protected":false},"author":1,"featured_media":0,"parent":0,"menu_order":0,"comment_status":"closed","ping_status":"closed","template":"","meta":{"footnotes":""},"class_list":["post-1743","page","type-page","status-publish","hentry"],"yoast_head":"<!-- This site is optimized with the Yoast SEO plugin v23.7 - https:\/\/yoast.com\/wordpress\/plugins\/seo\/ -->\n<title>Aviso Legal - MR Assessors<\/title>\n<meta name=\"robots\" content=\"index, follow, max-snippet:-1, max-image-preview:large, max-video-preview:-1\" \/>\n<link rel=\"canonical\" href=\"https:\/\/mrassessors.com\/es\/aviso-legal\/\" \/>\n<meta property=\"og:locale\" content=\"es_ES\" \/>\n<meta property=\"og:type\" content=\"article\" \/>\n<meta property=\"og:title\" content=\"Aviso Legal - MR Assessors\" \/>\n<meta property=\"og:url\" content=\"https:\/\/mrassessors.com\/es\/aviso-legal\/\" \/>\n<meta property=\"og:site_name\" content=\"MR Assessors\" \/>\n<meta property=\"article:modified_time\" content=\"2023-08-16T10:29:10+00:00\" \/>\n<meta name=\"twitter:card\" content=\"summary_large_image\" \/>\n<meta name=\"twitter:label1\" content=\"Tiempo de lectura\" \/>\n\t<meta name=\"twitter:data1\" content=\"9 minutos\" \/>\n<script type=\"application\/ld+json\" class=\"yoast-schema-graph\">{\"@context\":\"https:\/\/schema.org\",\"@graph\":[{\"@type\":\"WebPage\",\"@id\":\"https:\/\/mrassessors.com\/es\/aviso-legal\/\",\"url\":\"https:\/\/mrassessors.com\/es\/aviso-legal\/\",\"name\":\"Aviso Legal - MR Assessors\",\"isPartOf\":{\"@id\":\"https:\/\/mrassessors.com\/es\/#website\"},\"datePublished\":\"2023-05-10T10:23:16+00:00\",\"dateModified\":\"2023-08-16T10:29:10+00:00\",\"breadcrumb\":{\"@id\":\"https:\/\/mrassessors.com\/es\/aviso-legal\/#breadcrumb\"},\"inLanguage\":\"es\",\"potentialAction\":[{\"@type\":\"ReadAction\",\"target\":[\"https:\/\/mrassessors.com\/es\/aviso-legal\/\"]}]},{\"@type\":\"BreadcrumbList\",\"@id\":\"https:\/\/mrassessors.com\/es\/aviso-legal\/#breadcrumb\",\"itemListElement\":[{\"@type\":\"ListItem\",\"position\":1,\"name\":\"Portada\",\"item\":\"https:\/\/mrassessors.com\/es\/\"},{\"@type\":\"ListItem\",\"position\":2,\"name\":\"Aviso Legal\"}]},{\"@type\":\"WebSite\",\"@id\":\"https:\/\/mrassessors.com\/es\/#website\",\"url\":\"https:\/\/mrassessors.com\/es\/\",\"name\":\"MR Assessors\",\"description\":\"Gestoria Sant Feliu de Gu\u00edxols\",\"potentialAction\":[{\"@type\":\"SearchAction\",\"target\":{\"@type\":\"EntryPoint\",\"urlTemplate\":\"https:\/\/mrassessors.com\/es\/?s={search_term_string}\"},\"query-input\":{\"@type\":\"PropertyValueSpecification\",\"valueRequired\":true,\"valueName\":\"search_term_string\"}}],\"inLanguage\":\"es\"}]}<\/script>\n<!-- \/ Yoast SEO plugin. -->","yoast_head_json":{"title":"Aviso Legal - MR Assessors","robots":{"index":"index","follow":"follow","max-snippet":"max-snippet:-1","max-image-preview":"max-image-preview:large","max-video-preview":"max-video-preview:-1"},"canonical":"https:\/\/mrassessors.com\/es\/aviso-legal\/","og_locale":"es_ES","og_type":"article","og_title":"Aviso Legal - MR Assessors","og_url":"https:\/\/mrassessors.com\/es\/aviso-legal\/","og_site_name":"MR Assessors","article_modified_time":"2023-08-16T10:29:10+00:00","twitter_card":"summary_large_image","twitter_misc":{"Tiempo de lectura":"9 minutos"},"schema":{"@context":"https:\/\/schema.org","@graph":[{"@type":"WebPage","@id":"https:\/\/mrassessors.com\/es\/aviso-legal\/","url":"https:\/\/mrassessors.com\/es\/aviso-legal\/","name":"Aviso Legal - MR Assessors","isPartOf":{"@id":"https:\/\/mrassessors.com\/es\/#website"},"datePublished":"2023-05-10T10:23:16+00:00","dateModified":"2023-08-16T10:29:10+00:00","breadcrumb":{"@id":"https:\/\/mrassessors.com\/es\/aviso-legal\/#breadcrumb"},"inLanguage":"es","potentialAction":[{"@type":"ReadAction","target":["https:\/\/mrassessors.com\/es\/aviso-legal\/"]}]},{"@type":"BreadcrumbList","@id":"https:\/\/mrassessors.com\/es\/aviso-legal\/#breadcrumb","itemListElement":[{"@type":"ListItem","position":1,"name":"Portada","item":"https:\/\/mrassessors.com\/es\/"},{"@type":"ListItem","position":2,"name":"Aviso Legal"}]},{"@type":"WebSite","@id":"https:\/\/mrassessors.com\/es\/#website","url":"https:\/\/mrassessors.com\/es\/","name":"MR Assessors","description":"Gestoria Sant Feliu de Gu\u00edxols","potentialAction":[{"@type":"SearchAction","target":{"@type":"EntryPoint","urlTemplate":"https:\/\/mrassessors.com\/es\/?s={search_term_string}"},"query-input":{"@type":"PropertyValueSpecification","valueRequired":true,"valueName":"search_term_string"}}],"inLanguage":"es"}]}},"_links":{"self":[{"href":"https:\/\/mrassessors.com\/es\/wp-json\/wp\/v2\/pages\/1743"}],"collection":[{"href":"https:\/\/mrassessors.com\/es\/wp-json\/wp\/v2\/pages"}],"about":[{"href":"https:\/\/mrassessors.com\/es\/wp-json\/wp\/v2\/types\/page"}],"author":[{"embeddable":true,"href":"https:\/\/mrassessors.com\/es\/wp-json\/wp\/v2\/users\/1"}],"replies":[{"embeddable":true,"href":"https:\/\/mrassessors.com\/es\/wp-json\/wp\/v2\/comments?post=1743"}],"version-history":[{"count":2,"href":"https:\/\/mrassessors.com\/es\/wp-json\/wp\/v2\/pages\/1743\/revisions"}],"predecessor-version":[{"id":1745,"href":"https:\/\/mrassessors.com\/es\/wp-json\/wp\/v2\/pages\/1743\/revisions\/1745"}],"wp:attachment":[{"href":"https:\/\/mrassessors.com\/es\/wp-json\/wp\/v2\/media?parent=1743"}],"curies":[{"name":"wp","href":"https:\/\/api.w.org\/{rel}","templated":true}]}}